{"id":111330,"date":"2023-01-16T18:05:01","date_gmt":"2023-01-16T16:05:01","guid":{"rendered":"https:\/\/honorvilla.ro\/?page_id=111330"},"modified":"2026-01-22T10:37:12","modified_gmt":"2026-01-22T08:37:12","slug":"cookie-policy","status":"publish","type":"page","link":"https:\/\/honorvilla.ro\/hu\/cookie-policy\/","title":{"rendered":"S\u00fctik \u00e9s hasonl\u00f3 technol\u00f3gi\u00e1k politik\u00e1ja"},"content":{"rendered":"<p>This policy refers to cookies and similar technologies used, as appropriate, in the websites and applications operated by SC BERKE INTEGRATOR DE PRELUCRARE A CARNII SRL  with registered office in Sat Izvoare, Comuna Zetea, Strada IRIGYVESSZEJE, Nr. 4, Harghita County.<\/p>\n\n\n\n<p>A s\u00fctiket a k\u00f6vetkez\u0151 c\u00e9lokra haszn\u00e1ljuk:<\/p>\n\n\n\n<p>- helysz\u00edni \u00fczemeltet\u00e9s,<\/p>\n\n\n\n<p>- a webhely l\u00e1togat\u00f3inak viselked\u00e9s\u00e9nek elemz\u00e9s\u00e9re,<\/p>\n\n\n\n<p>- rekl\u00e1moz\u00e1sra.<\/p>\n\n\n\n<p>This policy is supplemented by the SC BERKE INTEGRATOR DE PRELUCRARE A CARNII SRL  policy on the protection of personal data in general and the Terms and Conditions of the site, which include additional useful information.<\/p>\n\n\n\n<p>Proper protection of personal data is an important objective for SC BERKE INTEGRATOR DE PRELUCRARE A CARNII SRL  Our desire is to be as clear and transparent as possible about our approach to this matter. If you have any questions, please contact us using the methods provided on our contact page.<\/p>\n\n\n\n<p><strong>Mik azok a s\u00fctik?<\/strong><\/p>\n\n\n\n<p>A cookie is a small file of letters and numbers that will be stored on a user&#8217;s computer, mobile device or other equipment from which the internet is accessed. The cookie is installed by a request issued by the user&#8217;s terminal to a server of SC BERKE INTEGRATOR DE PRELUCRARE A CARNII SRL  or to a server of a third party.<\/p>\n\n\n\n<p>Mire haszn\u00e1lj\u00e1k a s\u00fctiket?<\/p>\n\n\n\n<p>Ezek a f\u00e1jlok els\u0151sorban a felhaszn\u00e1l\u00f3 termin\u00e1lj\u00e1nak felismer\u00e9s\u00e9t \u00e9s a tartalom relev\u00e1ns, a felhaszn\u00e1l\u00f3 preferenci\u00e1ihoz igaz\u00edtott megjelen\u00edt\u00e9s\u00e9t teszik lehet\u0151v\u00e9.<\/p>\n\n\n\n<p>Cookies ensure users a pleasant browsing experience and support SC BERKE INTEGRATOR DE PRELUCRARE A CARNII SRL &#8216;s efforts to provide more tailored services to users, e.g. &#8211; online privacy preferences, shopping cart or relevant advertising. They are also used in the preparation of aggregated anonymous statistics that help us understand how a user benefits from our web pages, allowing us to improve their structure and content, without allowing personal identification of the user.<\/p>\n\n\n\n<p><strong>Milyen s\u00fctiket haszn\u00e1lunk?<\/strong><\/p>\n\n\n\n<p>K\u00e9tf\u00e9le s\u00fctit haszn\u00e1lunk: munkamenetenk\u00e9nti \u00e9s fix cookie-kat. A munkamenetenk\u00e9nti s\u00fctik olyan ideiglenes f\u00e1jlok, amelyek a munkamenet v\u00e9g\u00e9ig vagy az alkalmaz\u00e1s bez\u00e1r\u00e1s\u00e1ig a felhaszn\u00e1l\u00f3 termin\u00e1lj\u00e1n maradnak. A fix cookie-k a cookie-be\u00e1ll\u00edt\u00e1sok \u00e1ltal meghat\u00e1rozott ideig maradnak a felhaszn\u00e1l\u00f3 termin\u00e1lj\u00e1n, vagy am\u00edg a felhaszn\u00e1l\u00f3 manu\u00e1lisan nem t\u00f6rli \u0151ket.<\/p>\n\n\n\n<p><strong>Hogyan haszn\u00e1lja ez az oldal a s\u00fctiket?<\/strong><\/p>\n\n\n\n<p>Az oldal l\u00e1togat\u00e1sa sor\u00e1n a k\u00f6vetkez\u0151 t\u00edpus\u00fa cookie-kat helyezheti el:<\/p>\n\n\n\n<p>- az oldal m\u0171k\u00f6d\u00e9s\u00e9hez felt\u00e9tlen\u00fcl sz\u00fcks\u00e9ges cookie-k<\/p>\n\n\n\n<p>- elemz\u0151 s\u00fctik<\/p>\n\n\n\n<p>- rekl\u00e1m s\u00fctik<\/p>\n\n\n\n<p>A szigor\u00faan sz\u00fcks\u00e9ges s\u00fctik \u00e9s\/vagy hasonl\u00f3 technol\u00f3gi\u00e1k elengedhetetlenek a webhely megfelel\u0151 m\u0171k\u00f6d\u00e9s\u00e9hez, \u00e9s az \u00d6n eszk\u00f6z\u00e9n ker\u00fclnek be\u00e1ll\u00edt\u00e1sra, amikor \u00d6n bel\u00e9p a webhelyre, vagy adott esetben a webhelyen v\u00e9gzett m\u0171veletek eredm\u00e9nyek\u00e9nt. Be\u00e1ll\u00edthatja b\u00f6ng\u00e9sz\u0151j\u00e9t a s\u00fctik letilt\u00e1s\u00e1ra, de ebben az esetben az oldal bizonyos r\u00e9szei nem fognak megfelel\u0151en m\u0171k\u00f6dni.<\/p>\n\n\n\n<p>A s\u00fctik egy\u00e9b kateg\u00f3ri\u00e1i a 11. szakaszban megjel\u00f6lt szerepet t\u00f6ltik be.<\/p>\n\n\n\n<p><strong>A s\u00fctik vagy hasonl\u00f3 technol\u00f3gi\u00e1k tartalmaznak szem\u00e9lyes adatokat?<\/strong><\/p>\n\n\n\n<p>A s\u00fctik vagy hasonl\u00f3 technol\u00f3gi\u00e1k \u00f6nmagukban nem ig\u00e9nyelnek szem\u00e9lyes adatokat a haszn\u00e1latukhoz, \u00e9s sok esetben nem azonos\u00edtj\u00e1k szem\u00e9lyesen az internetfelhaszn\u00e1l\u00f3kat. Vannak azonban olyan helyzetek, amikor a cookie-k haszn\u00e1lat\u00e1val szem\u00e9lyes adatokat gy\u0171jthetnek, hogy megk\u00f6nny\u00edtsenek bizonyos funkci\u00f3kat a felhaszn\u00e1l\u00f3 sz\u00e1m\u00e1ra, vagy hogy a felhaszn\u00e1l\u00f3nak a preferenci\u00e1ihoz jobban igazod\u00f3 \u00e9lm\u00e9nyt ny\u00fajtsanak. Az ilyen adatok titkos\u00edt\u00e1sa olyan m\u00f3don t\u00f6rt\u00e9nik, amely lehetetlenn\u00e9 teszi, hogy illet\u00e9ktelen szem\u00e9lyek hozz\u00e1f\u00e9rjenek azokhoz.<\/p>\n\n\n\n<p><strong>Melyek a hasonl\u00f3 technol\u00f3gi\u00e1k?<\/strong><\/p>\n\n\n\n<p>Vannak m\u00e1s technol\u00f3gi\u00e1k is, amelyek ugyanarra a c\u00e9lra haszn\u00e1lhat\u00f3k, mint a s\u00fctik.<\/p>\n\n\n\n<p>SC BERKE INTEGRATOR DE PRELUCRARE A CARNII SRL  uses Local Storage as a similar technology.<\/p>\n\n\n\n<p><strong>S\u00fctik blokkol\u00e1sa<\/strong><\/p>\n\n\n\n<p>Ha a cookie-kat blokkolni k\u00edv\u00e1nja, az oldal egyes funkci\u00f3i nem lesznek el\u00e9rhet\u0151ek, \u00e9s ez bizonyos m\u0171k\u00f6d\u00e9si zavarokat vagy hib\u00e1kat okozhat az oldal haszn\u00e1lat\u00e1ban. A cookie-k blokkol\u00e1sa p\u00e9ld\u00e1ul megakad\u00e1lyozhatja, hogy:<\/p>\n\n\n\n<p>- online v\u00e1s\u00e1rl\u00e1s<\/p>\n\n\n\n<p>- jelentkezzen be a fi\u00f3kj\u00e1ba<\/p>\n\n\n\n<p>ha egyet\u00e9rt ezekkel a korl\u00e1toz\u00e1sokkal, \u00e9s szeretn\u00e9 letiltani a s\u00fctiket, k\u00f6vesse az al\u00e1bbi utas\u00edt\u00e1sokat:<\/p>\n\n\n\n<p>A legt\u00f6bb b\u00f6ng\u00e9sz\u0151 alap\u00e9rtelmez\u00e9s szerint elfogadja a cookie-kat, de m\u00f3dos\u00edthatja a be\u00e1ll\u00edt\u00e1sokat, hogy egyes vagy az \u00f6sszes cookie-t letiltsa.<\/p>\n\n\n\n<p><strong>A s\u00fctik elhelyez\u00e9s\u00e9vel kapcsolatos preferenci\u00e1k kezel\u00e9se<\/strong><\/p>\n\n\n\n<p>\u00c1ltal\u00e1ban a weboldalak el\u00e9r\u00e9s\u00e9hez haszn\u00e1lt alkalmaz\u00e1sok alap\u00e9rtelmez\u00e9s szerint lehet\u0151v\u00e9 teszik a cookie-k \u00e9s\/vagy hasonl\u00f3 technol\u00f3gi\u00e1k t\u00e1rol\u00e1s\u00e1t a termin\u00e1lon. Ezeket az egyes forr\u00e1sok \u00e1ltal meghat\u00e1rozott ideig t\u00e1rolj\u00e1k. Ezek a be\u00e1ll\u00edt\u00e1sok megv\u00e1ltoztathat\u00f3k oly m\u00f3don, hogy a webb\u00f6ng\u00e9sz\u0151 letiltja a s\u00fctik automatikus kezel\u00e9s\u00e9t, vagy a felhaszn\u00e1l\u00f3 minden egyes alkalommal \u00e9rtes\u00edt\u00e9st kap, amikor s\u00fctiket k\u00fcldenek a termin\u00e1lj\u00e1ra.<\/p>\n\n\n\n<p>A cookie-k kezel\u00e9s\u00e9nek lehet\u0151s\u00e9geir\u0151l \u00e9s m\u00f3djair\u00f3l r\u00e9szletes inform\u00e1ci\u00f3kat az alkalmaz\u00e1s (webb\u00f6ng\u00e9sz\u0151) be\u00e1ll\u00edt\u00e1sai k\u00f6z\u00f6tt tal\u00e1l. A s\u00fctik haszn\u00e1lat\u00e1nak korl\u00e1toz\u00e1sa befoly\u00e1solhatja a weboldal bizonyos funkci\u00f3it.<\/p>\n\n\n\n<p><strong>Mi\u00e9rt fontosak a s\u00fctik \u00e9s\/vagy a hasonl\u00f3 technol\u00f3gi\u00e1k az internet sz\u00e1m\u00e1ra?<\/strong><\/p>\n\n\n\n<p>A s\u00fctik \u00e9s\/vagy hasonl\u00f3 technol\u00f3gi\u00e1k k\u00f6zponti szerepet j\u00e1tszanak az internet hat\u00e9kony m\u0171k\u00f6d\u00e9s\u00e9ben, \u00e9s seg\u00edtenek az egyes felhaszn\u00e1l\u00f3k preferenci\u00e1ihoz \u00e9s \u00e9rdekl\u0151d\u00e9si k\u00f6r\u00e9hez igaz\u00edtott, felhaszn\u00e1l\u00f3bar\u00e1t b\u00f6ng\u00e9sz\u00e9si \u00e9lm\u00e9nyt l\u00e9trehozni. A s\u00fctik elutas\u00edt\u00e1sa vagy letilt\u00e1sa egyes oldalakat vagy azok egyes r\u00e9szeit haszn\u00e1lhatatlann\u00e1 teheti.<\/p>\n\n\n\n<p>A cookie-k letilt\u00e1sa nem jelenti azt, hogy \u00d6n t\u00f6bb\u00e9 nem kap a t\u00f6rv\u00e9nyeknek megfelel\u0151 online rekl\u00e1mot - csak azt, hogy a tov\u00e1bbiakban nem lesz k\u00e9pes figyelembe venni az \u00d6n preferenci\u00e1it \u00e9s \u00e9rdekl\u0151d\u00e9si k\u00f6r\u00e9t, ahogyan azt az \u00d6n b\u00f6ng\u00e9sz\u00e9si szok\u00e1sai mutatj\u00e1k.<\/p>\n\n\n\n<p>P\u00e9ld\u00e1k a s\u00fctik fontos felhaszn\u00e1l\u00e1si m\u00f3djaira (amelyek nem ig\u00e9nyelnek felhaszn\u00e1l\u00f3i hiteles\u00edt\u00e9st egy fi\u00f3kon kereszt\u00fcl):<\/p>\n\n\n\n<p>- A felhaszn\u00e1l\u00f3 preferenci\u00e1ira szabott tartalom \u00e9s szolg\u00e1ltat\u00e1sok - term\u00e9k- \u00e9s szolg\u00e1ltat\u00e1skateg\u00f3ri\u00e1k.<\/p>\n\n\n\n<p>- A felhaszn\u00e1l\u00f3 \u00e9rdekl\u0151d\u00e9si k\u00f6r\u00e9hez igaz\u00edtott aj\u00e1nlatok<\/p>\n\n\n\n<p>- Jelsz\u00f3 meg\u0151rz\u00e9se<\/p>\n\n\n\n<p>- Az internetes tartalmak gyermekv\u00e9delmi sz\u0171r\u0151inek megtart\u00e1sa (csal\u00e1di \u00fczemm\u00f3d be\u00e1ll\u00edt\u00e1sai, biztons\u00e1gos keres\u00e9si funkci\u00f3k).<\/p>\n\n\n\n<p>- A hirdet\u00e9sek gyakoris\u00e1g\u00e1nak korl\u00e1toz\u00e1sa - annak korl\u00e1toz\u00e1sa, hogy egy adott felhaszn\u00e1l\u00f3nak h\u00e1nyszor jelenik meg egy hirdet\u00e9s az adott webhelyen.<\/p>\n\n\n\n<p>- Relev\u00e1ns rekl\u00e1mok ny\u00fajt\u00e1sa a felhaszn\u00e1l\u00f3nak.<\/p>\n\n\n\n<p>- Az analitikai funkci\u00f3k m\u00e9r\u00e9se, optimaliz\u00e1l\u00e1sa \u00e9s testre szab\u00e1sa - p\u00e9ld\u00e1ul a weboldal l\u00e1togatotts\u00e1g\u00e1nak bizonyos szintj\u00e9nek meger\u0151s\u00edt\u00e9se, a megtekintett tartalom t\u00edpusa \u00e9s az, hogy a felhaszn\u00e1l\u00f3 hogyan jut el a weboldalra (pl. keres\u0151motorokon kereszt\u00fcl, k\u00f6zvetlen\u00fcl, m\u00e1s weboldalakr\u00f3l stb.). A webhelyek ezeket az analitikai elemz\u00e9seket a haszn\u00e1latukr\u00f3l v\u00e9gzik, hogy a felhaszn\u00e1l\u00f3k jav\u00e1ra jav\u00edts\u00e1k szolg\u00e1ltat\u00e1saikat.<\/p>\n\n\n\n<p><strong>Biztons\u00e1gi \u00e9s adatv\u00e9delmi k\u00e9rd\u00e9sek<\/strong><\/p>\n\n\n\n<p>A b\u00f6ng\u00e9sz\u0151k \u00e1ltal\u00e1ban rendelkeznek be\u00e9p\u00edtett adatv\u00e9delmi be\u00e1ll\u00edt\u00e1sokkal, amelyek k\u00fcl\u00f6nb\u00f6z\u0151 szint\u0171 s\u00fctik elfogad\u00e1s\u00e1r\u00f3l, \u00e9rv\u00e9nyess\u00e9gi idej\u00e9r\u0151l \u00e9s automatikus t\u00f6rl\u00e9s\u00e9r\u0151l rendelkeznek, miut\u00e1n a felhaszn\u00e1l\u00f3 megl\u00e1togatott egy adott webhelyet.<\/p>\n\n\n\n<p>A s\u00fctikkel kapcsolatos egy\u00e9b biztons\u00e1gi k\u00e9rd\u00e9sek:<\/p>\n\n\n\n<p>- Testre szabhatja b\u00f6ng\u00e9sz\u0151je s\u00fctibe\u00e1ll\u00edt\u00e1sait, hogy az \u00d6n sz\u00e1m\u00e1ra k\u00e9nyelmes szint\u0171 legyen a s\u00fctik biztons\u00e1ga.<\/p>\n\n\n\n<p>- Ha \u00d6n az egyetlen szem\u00e9ly, aki haszn\u00e1lja a sz\u00e1m\u00edt\u00f3g\u00e9p\u00e9t, akkor, ha szeretn\u00e9, hossz\u00fa lej\u00e1rati id\u0151t \u00e1ll\u00edthat be a b\u00f6ng\u00e9sz\u00e9si el\u0151zm\u00e9nyek \u00e9s a szem\u00e9lyes hozz\u00e1f\u00e9r\u00e9si adatok t\u00e1rol\u00e1s\u00e1ra.<\/p>\n\n\n\n<p>- Ha megosztja a sz\u00e1m\u00edt\u00f3g\u00e9phez val\u00f3 hozz\u00e1f\u00e9r\u00e9st, fontolja meg a b\u00f6ng\u00e9sz\u0151 be\u00e1ll\u00edt\u00e1s\u00e1t \u00fagy, hogy a b\u00f6ng\u00e9sz\u0151 bez\u00e1r\u00e1sakor t\u00f6r\u00f6lje az egy\u00e9ni b\u00f6ng\u00e9sz\u00e9si adatokat. Ez az egyik lehet\u0151s\u00e9g olyan webhelyek el\u00e9r\u00e9s\u00e9re, amelyek cookie-kat helyeznek el, \u00e9s a b\u00f6ng\u00e9sz\u00e9si munkamenet bez\u00e1r\u00e1sakor t\u00f6rlik a l\u00e1togat\u00e1si adatokat.<\/p>\n\n\n\n<p>SC BERKE INTEGRATOR DE PRELUCRARE A CARNII SRL  uses services provided by third parties for the purpose of providing functionality, for analysis and for advertising. These third parties may set and use cookies and\/or similar technologies on websites and applications operated by the Company, as well as on websites and applications other than those operated by the Company.<\/p>","protected":false},"excerpt":{"rendered":"<p>This policy refers to cookies and similar technologies used, as appropriate, in the websites and applications operated by SC BERKE INTEGRATOR DE PRELUCRARE A CARNII SRL with registered office in Sat Izvoare, Comuna Zetea, Strada IRIGYVESSZEJE, Nr. 4, Harghita County. Cookies are used for the following purposes: &#8211; site operation, &#8211; to analyze the behavior [&hellip;]<\/p>","protected":false},"author":1,"featured_media":0,"parent":0,"menu_order":0,"comment_status":"closed","ping_status":"closed","template":"","meta":{"inline_featured_image":false,"footnotes":""},"class_list":["post-111330","page","type-page","status-publish","hentry"],"_links":{"self":[{"href":"https:\/\/honorvilla.ro\/hu\/wp-json\/wp\/v2\/pages\/111330","targetHints":{"allow":["GET"]}}],"collection":[{"href":"https:\/\/honorvilla.ro\/hu\/wp-json\/wp\/v2\/pages"}],"about":[{"href":"https:\/\/honorvilla.ro\/hu\/wp-json\/wp\/v2\/types\/page"}],"author":[{"embeddable":true,"href":"https:\/\/honorvilla.ro\/hu\/wp-json\/wp\/v2\/users\/1"}],"replies":[{"embeddable":true,"href":"https:\/\/honorvilla.ro\/hu\/wp-json\/wp\/v2\/comments?post=111330"}],"version-history":[{"count":2,"href":"https:\/\/honorvilla.ro\/hu\/wp-json\/wp\/v2\/pages\/111330\/revisions"}],"predecessor-version":[{"id":3344134,"href":"https:\/\/honorvilla.ro\/hu\/wp-json\/wp\/v2\/pages\/111330\/revisions\/3344134"}],"wp:attachment":[{"href":"https:\/\/honorvilla.ro\/hu\/wp-json\/wp\/v2\/media?parent=111330"}],"curies":[{"name":"wp","href":"https:\/\/api.w.org\/{rel}","templated":true}]}}