{"id":111833,"date":"2023-01-16T18:43:05","date_gmt":"2023-01-16T16:43:05","guid":{"rendered":"https:\/\/honorvilla.ro\/?page_id=111833"},"modified":"2023-01-16T18:43:05","modified_gmt":"2023-01-16T16:43:05","slug":"delivery-and-return-policy","status":"publish","type":"page","link":"https:\/\/honorvilla.ro\/hu\/delivery-and-return-policy\/","title":{"rendered":"Sz\u00e1ll\u00edt\u00e1si \u00e9s visszak\u00fcld\u00e9si politika"},"content":{"rendered":"<p>A HONOR VILLA FENNTARTJA AZ \u00c1RAK M\u00d3DOS\u00cdT\u00c1S\u00c1NAK JOG\u00c1T (azok sz\u00e1m\u00e1ra, akik egy \u00e1ras foglal\u00e1st tettek, ez a szab\u00e1ly nem \u00e9rv\u00e9nyes).<\/p>\n\n\n\n<p>Az \u00e1rak tartalmazz\u00e1k az \u00f6sszes ad\u00f3t.<\/p>\n\n\n\n<p>Szobafogad\u00e1s (bejelentkez\u00e9s): 15.00 \u00f3rai kezdettel.<\/p>\n\n\n\n<p>Szobakiad\u00e1s (Check-Out): 11 \u00f3r\u00e1ig.<\/p>\n\n\n\n<p>Azokat a foglal\u00e1sokat, amelyekre nem fizettek el\u0151leget \u00e9s\/vagy amelyekre nem fizettek el\u0151zetesen a tart\u00f3zkod\u00e1s teljes \u00e9rt\u00e9k\u00e9nek 30% \u00f6sszeg\u0171 foglal\u00f3t, a HONOR VILLA nem garant\u00e1lt foglal\u00e1snak tekinti.<\/p>\n\n\n\n<p>Garant\u00e1lt vagy el\u0151re fizetett foglal\u00e1s eset\u00e9n:<\/p>\n\n\n\n<p>Ha a HONOR VILLA-t\u00f3l kapott \u00edr\u00e1sbeli visszaigazol\u00e1sban nem szerepelnek egy\u00e9b felt\u00e9telek, akkor:<\/p>\n\n\n\n<p>A foglal\u00e1s lemond\u00e1s\u00e1nak hat\u00e1rideje k\u00f6tb\u00e9r felsz\u00e1m\u00edt\u00e1sa n\u00e9lk\u00fcl az \u00e9rkez\u00e9s el\u0151tt 15 (tizen\u00f6t) nappal van. A befizetett el\u0151leget a lemond\u00e1si k\u00e9relemt\u0151l sz\u00e1m\u00edtott 30 napon bel\u00fcl visszat\u00e9r\u00edtj\u00fck. lemond\u00e1s \u00e9s az el\u0151leg visszafizet\u00e9se eset\u00e9n banki jutal\u00e9kot sz\u00e1m\u00edtunk fel.<br>15 (tizen\u00f6t) napn\u00e1l r\u00f6videbb id\u0151n bel\u00fcl, de legfeljebb 72 \u00f3r\u00e1val az \u00e9rkez\u00e9s el\u0151tt t\u00f6rt\u00e9n\u0151 lemond\u00e1s eset\u00e9n az els\u0151 \u00e9jszaka sz\u00e1ll\u00e1sd\u00edj\u00e1nak \u00e9rt\u00e9ke ker\u00fcl felsz\u00e1m\u00edt\u00e1sra, az \u00f6sszeg levon\u00e1sra a befizetett el\u0151legb\u0151l.<br>Az \u00e9rkez\u00e9s el\u0151tt kevesebb mint 72 \u00f3r\u00e1val t\u00f6rt\u00e9n\u0151 lemond\u00e1s vagy meg nem jelen\u00e9s eset\u00e9n a foglal\u00e1s teljes \u00e9rt\u00e9ke felsz\u00e1m\u00edt\u00e1sra ker\u00fcl, az \u00f6sszeg az el\u0151legb\u0151l ker\u00fcl visszatart\u00e1sra.<br>meg nem jelen\u00e9s eset\u00e9n a HONOR VILLA fenntartja a jogot, hogy a szob\u00e1t\/szob\u00e1kat a tart\u00f3zkod\u00e1s h\u00e1tral\u00e9v\u0151 r\u00e9sz\u00e9re felszabad\u00edtsa.<br>A legal\u00e1bb 3 nappal az \u00e9rkez\u00e9s id\u0151pontja el\u0151tt tett foglal\u00e1sokat csak a szabad helyek f\u00fcggv\u00e9ny\u00e9ben fogadjuk el.<\/p>\n\n\n\n<p>Az \u00fcgyfelek e-mailben kapj\u00e1k meg a foglal\u00e1si visszaigazol\u00e1st, max. 3 \u00f3r\u00e1val a fizet\u00e9s ut\u00e1n.<\/p>\n\n\n\n<p>Az \u00fcd\u00fcl\u00e9si k\u00e1rty\u00e1val az iroda POS-pontj\u00e1n vagy a Netopia fizet\u00e9si linken kereszt\u00fcl kifizetett foglal\u00e1sokat, miut\u00e1n meger\u0151s\u00edtett\u00e9k \u00e9s ki\u00e1ll\u00edtott\u00e1k a sz\u00e1ll\u00e1sutalv\u00e1nyt, nem lehet t\u00f6r\u00f6lni, \u00e9s a beszedett p\u00e9nzt nem lehet visszaadni, a b\u00fcntet\u00e9s a t\u00f6rv\u00e9ny szerint 100%.<br>Milyen \u00fcd\u00fcl\u00e9si csekkeket fogadunk el?<\/p>\n\n\n\n<p>A k\u00f6vetkez\u0151 t\u00edpus\u00fa \u00fcd\u00fcl\u00e9si jegyeket fogadjuk el:<\/p>\n\n\n\n<ul class=\"wp-block-list\">\n<li>Edenred (\u00dcd\u00fcl\u00e9si jegy)<\/li>\n\n\n\n<li>Cheque Dejeuner Rom\u00e1nia (Cheque Vacances\/UP Rom\u00e1nia)<\/li>\n\n\n\n<li>Sodexo (Sodexo Tourist Pass) Fizet\u00e9si m\u00f3d jegyekkel vagy \u00fcd\u00fcl\u00e9si k\u00e1rty\u00e1val:<\/li>\n\n\n\n<li>az online tranzakci\u00f3 az \u00fcd\u00fcl\u00e9si k\u00e1rty\u00e1n kereszt\u00fcl a MobilPay (NETOPYA SISTEMS) seg\u00edts\u00e9g\u00e9vel t\u00f6rt\u00e9nik, a Visa \u00e9s a Mastercard \u00e1ltal garant\u00e1lt tranzakci\u00f3kat.<\/li>\n\n\n\n<li>az online vagy offline foglal\u00e1sok az \u00fcd\u00fcl\u00e9si k\u00e1rty\u00e1n kereszt\u00fcl NEM t\u00e9r\u00edthet\u0151k vissza, a hat\u00e1lyos jogszab\u00e1lyok szerint nem v\u00e1lthat\u00f3k p\u00e9nzre.<\/li>\n<\/ul>\n\n\n\n<p>A foglal\u00e1s m\u00f3dos\u00edt\u00e1s\u00e1t \u00edr\u00e1sban kell megtenni a contact@honorvilla.ro e-mail c\u00edmen. A HONOR VILLA nem garant\u00e1lja a v\u00e1ltoztat\u00e1sokat, am\u00edg azok \u00edr\u00e1sban be nem \u00e9rkeznek. A m\u00f3dos\u00edt\u00e1sokb\u00f3l ered\u0151 \u00e1rak a m\u00f3dos\u00edt\u00e1s jelleg\u00e9t\u0151l, valamint a foglal\u00e1sok m\u00f3dos\u00edt\u00e1s\u00e1nak id\u0151pontj\u00e1ban fenn\u00e1ll\u00f3 szabad helyek f\u00fcggv\u00e9ny\u00e9ben v\u00e1ltozhatnak.<\/p>\n\n\n\n<p>A szobafoglal\u00e1s lemond\u00e1s\u00e1t \u00edr\u00e1sban kell elk\u00fcldeni a contact@honorvilla.ro e-mail c\u00edmre a fenti felt\u00e9telek szerint. A lemond\u00e1s nem garant\u00e1lhat\u00f3, am\u00edg a HONOR VILLA nem kapja meg \u00edr\u00e1sban.<\/p>","protected":false},"excerpt":{"rendered":"<p>A HONOR VILLA FENNTARTJA AZ \u00c1RAK M\u00d3DOS\u00cdT\u00c1S\u00c1NAK JOG\u00c1T (azok sz\u00e1m\u00e1ra, akik egy \u00e1ras foglal\u00e1st tettek, ez a szab\u00e1ly nem \u00e9rv\u00e9nyes). Az \u00e1rak tartalmazz\u00e1k az \u00f6sszes ad\u00f3t. Szobafogad\u00e1s (Check-In): 15 \u00f3r\u00e1t\u00f3l Szobakiad\u00e1s (Check-Out): 11 \u00f3r\u00e1ig. Azok a foglal\u00e1sok, amelyekre nem fizettek el\u0151leget \u00e9s\/vagy amelyekre el\u0151leget [...]<\/p>","protected":false},"author":1,"featured_media":0,"parent":0,"menu_order":0,"comment_status":"closed","ping_status":"closed","template":"","meta":{"inline_featured_image":false,"footnotes":""},"class_list":["post-111833","page","type-page","status-publish","hentry"],"_links":{"self":[{"href":"https:\/\/honorvilla.ro\/hu\/wp-json\/wp\/v2\/pages\/111833","targetHints":{"allow":["GET"]}}],"collection":[{"href":"https:\/\/honorvilla.ro\/hu\/wp-json\/wp\/v2\/pages"}],"about":[{"href":"https:\/\/honorvilla.ro\/hu\/wp-json\/wp\/v2\/types\/page"}],"author":[{"embeddable":true,"href":"https:\/\/honorvilla.ro\/hu\/wp-json\/wp\/v2\/users\/1"}],"replies":[{"embeddable":true,"href":"https:\/\/honorvilla.ro\/hu\/wp-json\/wp\/v2\/comments?post=111833"}],"version-history":[{"count":1,"href":"https:\/\/honorvilla.ro\/hu\/wp-json\/wp\/v2\/pages\/111833\/revisions"}],"predecessor-version":[{"id":111834,"href":"https:\/\/honorvilla.ro\/hu\/wp-json\/wp\/v2\/pages\/111833\/revisions\/111834"}],"wp:attachment":[{"href":"https:\/\/honorvilla.ro\/hu\/wp-json\/wp\/v2\/media?parent=111833"}],"curies":[{"name":"wp","href":"https:\/\/api.w.org\/{rel}","templated":true}]}}