{"id":1240,"date":"2019-10-09T15:01:20","date_gmt":"2019-10-09T15:01:20","guid":{"rendered":"https:\/\/themes.getmotopress.com\/booklium-bed-and-breakfast\/?page_id=1240"},"modified":"2023-03-09T12:59:15","modified_gmt":"2023-03-09T10:59:15","slug":"rooms","status":"publish","type":"page","link":"https:\/\/honorvilla.ro\/hu\/szobak\/","title":{"rendered":"Szob\u00e1k"},"content":{"rendered":"<div class=\"mphb_sc_rooms-wrapper mphb-room-types\">    <div class=\"loop-rooms-wrapper\">\r\n\t\n<div class=\"mphb-room-type post-1477 mphb_room_type type-mphb_room_type status-publish has-post-thumbnail mphb_room_type_facility-air-conditioning mphb_room_type_facility-bathroom-essentials mphb_room_type_facility-bedroom-comforts mphb_room_type_facility-breakfast mphb_room_type_facility-car-parking mphb_room_type_facility-flatscreen-tv mphb_room_type_facility-heating mphb_room_type_facility-wifi mphb-room-type-adults-3 mphb-room-type-children-3\">\n\n\t\n    <div class=\"loop-room-wrapper\">\n\t\t            <div class=\"loop-room-images-wrapper\">\n\t\t\t\t\n\n\t<div class=\"mphb-room-type-images\">\n\t<div id='mphb-flexslider-gallery-1' class='gallery-columns-1 gallery-size-booklium-square mphb-gallery-main-slider mphb-flexslider-gallery-wrapper mphb-room-type-gallery-wrapper mphb-gallery-main-slider-69ef9849ebcd1' data-flexslider-atts='{\"animation\":\"slide\",\"controlNav\":false,\"animationLoop\":true,\"smoothHeight\":true,\"slideshow\":false}' data-group='69ef9849ebcd1'><ul class=\"slides\"><li class='gallery-item'><span class='gallery-icon landscape'>\n\t\t\t\t<a href=\"https:\/\/honorvilla.ro\/hu\/accommodation\/ketszobas\/\"><img loading=\"lazy\" decoding=\"async\" width=\"892\" height=\"685\" src=\"https:\/\/honorvilla.ro\/wp-content\/uploads\/2023\/01\/10876689-892x685.jpg\" class=\"attachment-booklium-square size-booklium-square\" alt=\"\" \/><\/a>\n\t\t\t<\/span><\/li><li class='gallery-item'><span class='gallery-icon landscape'>\n\t\t\t\t<a href=\"https:\/\/honorvilla.ro\/hu\/accommodation\/ketszobas\/\"><img loading=\"lazy\" decoding=\"async\" width=\"892\" height=\"683\" src=\"https:\/\/honorvilla.ro\/wp-content\/uploads\/2023\/01\/18698025-892x683.jpg\" class=\"attachment-booklium-square size-booklium-square\" alt=\"\" \/><\/a>\n\t\t\t<\/span><\/li><li class='gallery-item'><span class='gallery-icon landscape'>\n\t\t\t\t<a href=\"https:\/\/honorvilla.ro\/hu\/accommodation\/ketszobas\/\"><img loading=\"lazy\" decoding=\"async\" width=\"892\" height=\"683\" src=\"https:\/\/honorvilla.ro\/wp-content\/uploads\/2023\/01\/50132444-892x683.jpg\" class=\"attachment-booklium-square size-booklium-square\" alt=\"\" \/><\/a>\n\t\t\t<\/span><\/li><li class='gallery-item'><span class='gallery-icon landscape'>\n\t\t\t\t<a href=\"https:\/\/honorvilla.ro\/hu\/accommodation\/ketszobas\/\"><img loading=\"lazy\" decoding=\"async\" width=\"892\" height=\"800\" src=\"https:\/\/honorvilla.ro\/wp-content\/uploads\/2023\/01\/room2-892x800.jpg\" class=\"attachment-booklium-square size-booklium-square\" alt=\"\" \/><\/a>\n\t\t\t<\/span><\/li><li class='gallery-item'><span class='gallery-icon landscape'>\n\t\t\t\t<a href=\"https:\/\/honorvilla.ro\/hu\/accommodation\/ketszobas\/\"><img loading=\"lazy\" decoding=\"async\" width=\"892\" height=\"685\" src=\"https:\/\/honorvilla.ro\/wp-content\/uploads\/2023\/01\/10876695-892x685.jpg\" class=\"attachment-booklium-square size-booklium-square\" alt=\"\" \/><\/a>\n\t\t\t<\/span><\/li><\/ul>\n\t\t<\/div>\n\n\t<\/div>\n\t            <\/div>\n\t\t\t            <div class=\"loop-room-info-wrapper\">\n\t\t\t\t\n<h2 class=\"mphb-room-type-title entry-title\">\n\n<a class=\"mphb-room-type-title\" href=\"https:\/\/honorvilla.ro\/hu\/accommodation\/ketszobas\/\">K\u00e9t\u00e1gyas szoba<\/a>\n\n<\/h2>    <ul class=\"loop-room-short-attributes\">\r\n\t\n\n\n\n    <\/ul>\r\n\t\n\n<p>NEW: Delicious dinner included in the room price! We have seven spacious bedrooms available in double bed configuration, carefully furnished to combine the nature of the house with the convenience of modern technology. Four of our double rooms are suited with a long balcony overlooking the Harghita Mountains. All of our rooms are equipped with [&hellip;]<\/p>\n\n\n<ul class=\"mphb-loop-room-type-attributes\">\n\t<li class=\"mphb-room-type-total-capacity\"><span class=\"mphb-attribute-title mphb-total-capacity-title\">Vend\u00e9gek:<\/span><span class=\"mphb-attribute-value\">\n\t3\n\t<\/span><\/li>\t\n\n\n\t<li class=\"mphb-room-type-view\"><span class=\"mphb-attribute-title mphb-view-title\">N\u00e9zet:<\/span><span class=\"mphb-attribute-value\">\n\thegy\n\t<\/span><\/li>\n\t\n\n\t<li class=\"mphb-room-type-bed-type\"><span  class=\"mphb-attribute-title mphb-bed-type-title\">\u00c1gy t\u00edpus:<\/span><span class=\"mphb-attribute-value\">\n\tdupla\n\t<\/span><\/li>\n\t\n\n\n\t<li class=\"mphb-room-type-facilities\"><span class=\"mphb-attribute-title mphb-facilities-title\">Szolg\u00e1ltat\u00e1sok:<\/span><span class=\"mphb-attribute-value\"> <span class=\"facility-air-conditioning\"><a href=\"https:\/\/honorvilla.ro\/hu\/accommodation-facility\/legkondicionalas\/\">L\u00e9gkondicion\u00e1l\u00e1s<\/a><\/span>, <span class=\"facility-bathroom-essentials\"><a href=\"https:\/\/honorvilla.ro\/hu\/accommodation-facility\/furdoszoba-eszkozei\/\">F\u00fcrd\u0151szobai alapdarabok<\/a><\/span>, <span class=\"facility-bedroom-comforts\"><a href=\"https:\/\/honorvilla.ro\/hu\/accommodation-facility\/haloszoba-kenyelem\/\">H\u00e1l\u00f3szoba k\u00e9nyelem<\/a><\/span>, <span class=\"facility-breakfast\"><a href=\"https:\/\/honorvilla.ro\/hu\/accommodation-facility\/reggeli\/\">Reggeli<\/a><\/span>, <span class=\"facility-car-parking\"><a href=\"https:\/\/honorvilla.ro\/hu\/accommodation-facility\/parkolohely\/\">Parkol\u00e1s<\/a><\/span>, <span class=\"facility-flatscreen-tv\"><a href=\"https:\/\/honorvilla.ro\/hu\/accommodation-facility\/sikkepernyos-tv\/\">S\u00edkk\u00e9perny\u0151s TV<\/a><\/span>, <span class=\"facility-heating\"><a href=\"https:\/\/honorvilla.ro\/hu\/accommodation-facility\/futes\/\">F\u0171t\u00e9s<\/a><\/span>, <span class=\"facility-wifi\"><a href=\"https:\/\/honorvilla.ro\/hu\/accommodation-facility\/wifi\/\">WiFi<\/a><\/span><\/span><\/li>\n\t\n<\/ul>            <\/div>\n\t\t            <div class=\"loop-room-book-wrapper\">\n\t\t\t\t\n<div class=\"mphb-to-book-btn-wrapper\">\n<form action=\"https:\/\/honorvilla.ro\/hu\/accommodation\/ketszobas\/#booking-form-1477\" method=\"get\" data-trp-original-action=\"https:\/\/honorvilla.ro\/hu\/accommodation\/ketszobas\/#booking-form-1477\" ><button type=\"submit\" class=\"button mphb-book-button\" >Foglal\u00e1s<\/button><input type=\"hidden\" name=\"trp-form-language\" value=\"hu\"\/><\/form>\n<br\/><\/div>\n<p class=\"mphb-view-details-button-wrapper\">\n<a class=\"button mphb-view-details-button\" href=\"https:\/\/honorvilla.ro\/hu\/accommodation\/ketszobas\/\" >R\u00e9szletek megtekint\u00e9se<\/a>\n<\/p>            <\/div>\n\t\t\n    <\/div>\n\t\n<\/div>\n\n\n<div class=\"mphb-room-type post-1500 mphb_room_type type-mphb_room_type status-publish has-post-thumbnail mphb_room_type_facility-air-conditioning mphb_room_type_facility-bathroom-essentials mphb_room_type_facility-bedroom-comforts mphb_room_type_facility-breakfast mphb_room_type_facility-car-parking mphb_room_type_facility-flatscreen-tv mphb_room_type_facility-heating mphb_room_type_facility-wifi mphb-room-type-adults-3 mphb-room-type-children-3\">\n\n\t\n    <div class=\"loop-room-wrapper\">\n\t\t            <div class=\"loop-room-images-wrapper\">\n\t\t\t\t\n\n\t<div class=\"mphb-room-type-images\">\n\t<div id='mphb-flexslider-gallery-2' class='gallery-columns-1 gallery-size-booklium-square mphb-gallery-main-slider mphb-flexslider-gallery-wrapper mphb-room-type-gallery-wrapper mphb-gallery-main-slider-69ef9849edbe5' data-flexslider-atts='{\"animation\":\"slide\",\"controlNav\":false,\"animationLoop\":true,\"smoothHeight\":true,\"slideshow\":false}' data-group='69ef9849edbe5'><ul class=\"slides\"><li class='gallery-item'><span class='gallery-icon landscape'>\n\t\t\t\t<a href=\"https:\/\/honorvilla.ro\/hu\/accommodation\/ketagyas-szoba\/\"><img loading=\"lazy\" decoding=\"async\" width=\"892\" height=\"800\" src=\"https:\/\/honorvilla.ro\/wp-content\/uploads\/2023\/01\/room3-892x800.jpg\" class=\"attachment-booklium-square size-booklium-square\" alt=\"\" \/><\/a>\n\t\t\t<\/span><\/li><li class='gallery-item'><span class='gallery-icon landscape'>\n\t\t\t\t<a href=\"https:\/\/honorvilla.ro\/hu\/accommodation\/ketagyas-szoba\/\"><img loading=\"lazy\" decoding=\"async\" width=\"892\" height=\"800\" src=\"https:\/\/honorvilla.ro\/wp-content\/uploads\/2023\/01\/livingroom-892x800.jpg\" class=\"attachment-booklium-square size-booklium-square\" alt=\"\" \/><\/a>\n\t\t\t<\/span><\/li><li class='gallery-item'><span class='gallery-icon landscape'>\n\t\t\t\t<a href=\"https:\/\/honorvilla.ro\/hu\/accommodation\/ketagyas-szoba\/\"><img loading=\"lazy\" decoding=\"async\" width=\"892\" height=\"683\" src=\"https:\/\/honorvilla.ro\/wp-content\/uploads\/2023\/01\/50132444-892x683.jpg\" class=\"attachment-booklium-square size-booklium-square\" alt=\"\" \/><\/a>\n\t\t\t<\/span><\/li><li class='gallery-item'><span class='gallery-icon landscape'>\n\t\t\t\t<a href=\"https:\/\/honorvilla.ro\/hu\/accommodation\/ketagyas-szoba\/\"><img loading=\"lazy\" decoding=\"async\" width=\"892\" height=\"683\" src=\"https:\/\/honorvilla.ro\/wp-content\/uploads\/2023\/01\/18698025-892x683.jpg\" class=\"attachment-booklium-square size-booklium-square\" alt=\"\" \/><\/a>\n\t\t\t<\/span><\/li><li class='gallery-item'><span class='gallery-icon landscape'>\n\t\t\t\t<a href=\"https:\/\/honorvilla.ro\/hu\/accommodation\/ketagyas-szoba\/\"><img loading=\"lazy\" decoding=\"async\" width=\"892\" height=\"800\" src=\"https:\/\/honorvilla.ro\/wp-content\/uploads\/2023\/01\/jakuzzi_view-892x800.jpg\" class=\"attachment-booklium-square size-booklium-square\" alt=\"\" \/><\/a>\n\t\t\t<\/span><\/li><li class='gallery-item'><span class='gallery-icon landscape'>\n\t\t\t\t<a href=\"https:\/\/honorvilla.ro\/hu\/accommodation\/ketagyas-szoba\/\"><img loading=\"lazy\" decoding=\"async\" width=\"892\" height=\"683\" src=\"https:\/\/honorvilla.ro\/wp-content\/uploads\/2023\/01\/129562125-892x683.jpg\" class=\"attachment-booklium-square size-booklium-square\" alt=\"\" \/><\/a>\n\t\t\t<\/span><\/li><\/ul>\n\t\t<\/div>\n\n\t<\/div>\n\t            <\/div>\n\t\t\t            <div class=\"loop-room-info-wrapper\">\n\t\t\t\t\n<h2 class=\"mphb-room-type-title entry-title\">\n\n<a class=\"mphb-room-type-title\" href=\"https:\/\/honorvilla.ro\/hu\/accommodation\/ketagyas-szoba\/\">K\u00e9t\u00e1gyas szoba<\/a>\n\n<\/h2>    <ul class=\"loop-room-short-attributes\">\r\n\t\n\n\n\n    <\/ul>\r\n\t\n\n<p>NEW: Delicious dinner included in the room price! We have four spacious bedrooms, carefully furnished to combine the nature of the house with the convenience of modern technology. One of our twin bedroom is suited with a long balcony overlooking the Harghita Mountains and all of our rooms have stunning view over the surrounding mountains. [&hellip;]<\/p>\n\n\n<ul class=\"mphb-loop-room-type-attributes\">\n\t<li class=\"mphb-room-type-total-capacity\"><span class=\"mphb-attribute-title mphb-total-capacity-title\">Vend\u00e9gek:<\/span><span class=\"mphb-attribute-value\">\n\t3\n\t<\/span><\/li>\t\n\n\n\t<li class=\"mphb-room-type-view\"><span class=\"mphb-attribute-title mphb-view-title\">N\u00e9zet:<\/span><span class=\"mphb-attribute-value\">\n\thegy\n\t<\/span><\/li>\n\t\n\n\t<li class=\"mphb-room-type-bed-type\"><span  class=\"mphb-attribute-title mphb-bed-type-title\">\u00c1gy t\u00edpus:<\/span><span class=\"mphb-attribute-value\">\n\ttwin\n\t<\/span><\/li>\n\t\n\n\n\t<li class=\"mphb-room-type-facilities\"><span class=\"mphb-attribute-title mphb-facilities-title\">Szolg\u00e1ltat\u00e1sok:<\/span><span class=\"mphb-attribute-value\"> <span class=\"facility-air-conditioning\"><a href=\"https:\/\/honorvilla.ro\/hu\/accommodation-facility\/legkondicionalas\/\">L\u00e9gkondicion\u00e1l\u00e1s<\/a><\/span>, <span class=\"facility-bathroom-essentials\"><a href=\"https:\/\/honorvilla.ro\/hu\/accommodation-facility\/furdoszoba-eszkozei\/\">F\u00fcrd\u0151szobai alapdarabok<\/a><\/span>, <span class=\"facility-bedroom-comforts\"><a href=\"https:\/\/honorvilla.ro\/hu\/accommodation-facility\/haloszoba-kenyelem\/\">H\u00e1l\u00f3szoba k\u00e9nyelem<\/a><\/span>, <span class=\"facility-breakfast\"><a href=\"https:\/\/honorvilla.ro\/hu\/accommodation-facility\/reggeli\/\">Reggeli<\/a><\/span>, <span class=\"facility-car-parking\"><a href=\"https:\/\/honorvilla.ro\/hu\/accommodation-facility\/parkolohely\/\">Parkol\u00e1s<\/a><\/span>, <span class=\"facility-flatscreen-tv\"><a href=\"https:\/\/honorvilla.ro\/hu\/accommodation-facility\/sikkepernyos-tv\/\">S\u00edkk\u00e9perny\u0151s TV<\/a><\/span>, <span class=\"facility-heating\"><a href=\"https:\/\/honorvilla.ro\/hu\/accommodation-facility\/futes\/\">F\u0171t\u00e9s<\/a><\/span>, <span class=\"facility-wifi\"><a href=\"https:\/\/honorvilla.ro\/hu\/accommodation-facility\/wifi\/\">WiFi<\/a><\/span><\/span><\/li>\n\t\n<\/ul>            <\/div>\n\t\t            <div class=\"loop-room-book-wrapper\">\n\t\t\t\t\n<div class=\"mphb-to-book-btn-wrapper\">\n<form action=\"https:\/\/honorvilla.ro\/hu\/accommodation\/ketagyas-szoba\/#booking-form-1500\" method=\"get\" data-trp-original-action=\"https:\/\/honorvilla.ro\/hu\/accommodation\/ketagyas-szoba\/#booking-form-1500\" ><button type=\"submit\" class=\"button mphb-book-button\" >Foglal\u00e1s<\/button><input type=\"hidden\" name=\"trp-form-language\" value=\"hu\"\/><\/form>\n<br\/><\/div>\n<p class=\"mphb-view-details-button-wrapper\">\n<a class=\"button mphb-view-details-button\" href=\"https:\/\/honorvilla.ro\/hu\/accommodation\/ketagyas-szoba\/\" >R\u00e9szletek megtekint\u00e9se<\/a>\n<\/p>            <\/div>\n\t\t\n    <\/div>\n\t\n<\/div>\n\n    <\/div>\r\n\t<\/div>","protected":false},"excerpt":{"rendered":"<p>A hangulatos szob\u00e1k rendk\u00edv\u00fcl cs\u00e1b\u00edt\u00f3 f\u00fazi\u00f3ja \u00e9s az ablakb\u00f3l ny\u00edl\u00f3 mes\u00e9s kil\u00e1t\u00e1s meglepi \u00d6nt, amint kinyitja a szoba ajtaj\u00e1t. \u00c9lvezze a hely nyugalm\u00e1t \u00e9s fens\u00e9g\u00e9t.<\/p>","protected":false},"author":1,"featured_media":0,"parent":0,"menu_order":0,"comment_status":"closed","ping_status":"closed","template":"template-wide-page.php","meta":{"inline_featured_image":false,"footnotes":""},"class_list":["post-1240","page","type-page","status-publish","hentry"],"_links":{"self":[{"href":"https:\/\/honorvilla.ro\/hu\/wp-json\/wp\/v2\/pages\/1240","targetHints":{"allow":["GET"]}}],"collection":[{"href":"https:\/\/honorvilla.ro\/hu\/wp-json\/wp\/v2\/pages"}],"about":[{"href":"https:\/\/honorvilla.ro\/hu\/wp-json\/wp\/v2\/types\/page"}],"author":[{"embeddable":true,"href":"https:\/\/honorvilla.ro\/hu\/wp-json\/wp\/v2\/users\/1"}],"replies":[{"embeddable":true,"href":"https:\/\/honorvilla.ro\/hu\/wp-json\/wp\/v2\/comments?post=1240"}],"version-history":[{"count":2,"href":"https:\/\/honorvilla.ro\/hu\/wp-json\/wp\/v2\/pages\/1240\/revisions"}],"predecessor-version":[{"id":1748043,"href":"https:\/\/honorvilla.ro\/hu\/wp-json\/wp\/v2\/pages\/1240\/revisions\/1748043"}],"wp:attachment":[{"href":"https:\/\/honorvilla.ro\/hu\/wp-json\/wp\/v2\/media?parent=1240"}],"curies":[{"name":"wp","href":"https:\/\/api.w.org\/{rel}","templated":true}]}}