{"id":1242,"date":"2019-10-09T15:03:05","date_gmt":"2019-10-09T15:03:05","guid":{"rendered":"https:\/\/themes.getmotopress.com\/booklium-bed-and-breakfast\/?page_id=1242"},"modified":"2019-10-09T15:03:05","modified_gmt":"2019-10-09T15:03:05","slug":"rooms-grid","status":"publish","type":"page","link":"https:\/\/honorvilla.ro\/hu\/rooms-grid\/","title":{"rendered":"Szob\u00e1k - r\u00e1csn\u00e9zet"},"content":{"rendered":"<div class=\"mphb_sc_rooms-wrapper mphb-room-types is-style-grid\">    <div class=\"loop-rooms-wrapper\">\r\n\t\n<div class=\"mphb-room-type post-1477 mphb_room_type type-mphb_room_type status-publish has-post-thumbnail mphb_room_type_facility-air-conditioning mphb_room_type_facility-bathroom-essentials mphb_room_type_facility-bedroom-comforts mphb_room_type_facility-breakfast mphb_room_type_facility-car-parking mphb_room_type_facility-flatscreen-tv mphb_room_type_facility-heating mphb_room_type_facility-wifi mphb-room-type-adults-3 mphb-room-type-children-3\">\n\n\t\n    <div class=\"loop-room-wrapper\">\n\t\t            <div class=\"loop-room-images-wrapper\">\n\t\t\t\t\n\n\t<div class=\"mphb-room-type-images\">\n\t<div id='mphb-flexslider-gallery-1' class='gallery-columns-1 gallery-size-booklium-square mphb-gallery-main-slider mphb-flexslider-gallery-wrapper mphb-room-type-gallery-wrapper mphb-gallery-main-slider-69e72d3d34ef9' data-flexslider-atts='{\"animation\":\"slide\",\"controlNav\":false,\"animationLoop\":true,\"smoothHeight\":true,\"slideshow\":false}' data-group='69e72d3d34ef9'><ul class=\"slides\"><li class='gallery-item'><span class='gallery-icon landscape'>\n\t\t\t\t<a href=\"https:\/\/honorvilla.ro\/hu\/accommodation\/ketszobas\/\"><img loading=\"lazy\" decoding=\"async\" width=\"892\" height=\"685\" src=\"https:\/\/honorvilla.ro\/wp-content\/uploads\/2023\/01\/10876689-892x685.jpg\" class=\"attachment-booklium-square size-booklium-square\" alt=\"\" \/><\/a>\n\t\t\t<\/span><\/li><li class='gallery-item'><span class='gallery-icon landscape'>\n\t\t\t\t<a href=\"https:\/\/honorvilla.ro\/hu\/accommodation\/ketszobas\/\"><img loading=\"lazy\" decoding=\"async\" width=\"892\" height=\"683\" src=\"https:\/\/honorvilla.ro\/wp-content\/uploads\/2023\/01\/18698025-892x683.jpg\" class=\"attachment-booklium-square size-booklium-square\" alt=\"\" \/><\/a>\n\t\t\t<\/span><\/li><li class='gallery-item'><span class='gallery-icon landscape'>\n\t\t\t\t<a href=\"https:\/\/honorvilla.ro\/hu\/accommodation\/ketszobas\/\"><img loading=\"lazy\" decoding=\"async\" width=\"892\" height=\"683\" src=\"https:\/\/honorvilla.ro\/wp-content\/uploads\/2023\/01\/50132444-892x683.jpg\" class=\"attachment-booklium-square size-booklium-square\" alt=\"\" \/><\/a>\n\t\t\t<\/span><\/li><li class='gallery-item'><span class='gallery-icon landscape'>\n\t\t\t\t<a href=\"https:\/\/honorvilla.ro\/hu\/accommodation\/ketszobas\/\"><img loading=\"lazy\" decoding=\"async\" width=\"892\" height=\"800\" src=\"https:\/\/honorvilla.ro\/wp-content\/uploads\/2023\/01\/room2-892x800.jpg\" class=\"attachment-booklium-square size-booklium-square\" alt=\"\" \/><\/a>\n\t\t\t<\/span><\/li><li class='gallery-item'><span class='gallery-icon landscape'>\n\t\t\t\t<a href=\"https:\/\/honorvilla.ro\/hu\/accommodation\/ketszobas\/\"><img loading=\"lazy\" decoding=\"async\" width=\"892\" height=\"685\" src=\"https:\/\/honorvilla.ro\/wp-content\/uploads\/2023\/01\/10876695-892x685.jpg\" class=\"attachment-booklium-square size-booklium-square\" alt=\"\" \/><\/a>\n\t\t\t<\/span><\/li><\/ul>\n\t\t<\/div>\n\n\t<\/div>\n\t            <\/div>\n\t\t\t            <div class=\"loop-room-info-wrapper\">\n\t\t\t\t\n<h2 class=\"mphb-room-type-title entry-title\">\n\n<a class=\"mphb-room-type-title\" href=\"https:\/\/honorvilla.ro\/hu\/accommodation\/ketszobas\/\">K\u00e9t\u00e1gyas szoba<\/a>\n\n<\/h2>\n\n<p>H\u00e9t t\u00e1gas h\u00e1l\u00f3szoba \u00e1ll rendelkez\u00e9sre francia\u00e1gyas elrendez\u00e9sben, gondosan berendezve, hogy a h\u00e1z term\u00e9szet\u00e9t a modern technol\u00f3gia k\u00e9nyelm\u00e9vel \u00f6tv\u00f6zze. N\u00e9gy k\u00e9t\u00e1gyas szob\u00e1nk hossz\u00fa erk\u00e9llyel rendelkezik, amely a Hargita-hegys\u00e9gre n\u00e9z. Minden szob\u00e1nk meleg \u00e9s k\u00e9nyelmes takar\u00f3kkal van felszerelve, amelyek alatt [...]<\/p>\n\n            <\/div>\n\t\t            <div class=\"loop-room-book-wrapper\">\n\t\t\t\t\n\n\t<p class=\"mphb-regular-price\"><strong>\u00c1r \u0171rlap:<\/strong>\n\t<span class=\"mphb-price\"><span class=\"mphb-currency\">\u20ac<\/span>160<\/span> <span class=\"mphb-price-period\" title=\"V\u00e1lassza ki a d\u00e1tumot az aktu\u00e1lis \u00e1rak megtekint\u00e9s\u00e9hez\">2 \u00e9jszaka<\/span>\n\t<\/p>\n\t\n<div class=\"mphb-to-book-btn-wrapper\">\n<form action=\"https:\/\/honorvilla.ro\/hu\/accommodation\/ketszobas\/#booking-form-1477\" method=\"get\" data-trp-original-action=\"https:\/\/honorvilla.ro\/hu\/accommodation\/ketszobas\/#booking-form-1477\" ><button type=\"submit\" class=\"button mphb-book-button\" >Foglal\u00e1s<\/button><input type=\"hidden\" name=\"trp-form-language\" value=\"hu\"\/><\/form>\n<br\/><\/div>            <\/div>\n\t\t\n    <\/div>\n\t\n<\/div>\n\n\n<div class=\"mphb-room-type post-1500 mphb_room_type type-mphb_room_type status-publish has-post-thumbnail mphb_room_type_facility-air-conditioning mphb_room_type_facility-bathroom-essentials mphb_room_type_facility-bedroom-comforts mphb_room_type_facility-breakfast mphb_room_type_facility-car-parking mphb_room_type_facility-flatscreen-tv mphb_room_type_facility-heating mphb_room_type_facility-wifi mphb-room-type-adults-3 mphb-room-type-children-3\">\n\n\t\n    <div class=\"loop-room-wrapper\">\n\t\t            <div class=\"loop-room-images-wrapper\">\n\t\t\t\t\n\n\t<div class=\"mphb-room-type-images\">\n\t<div id='mphb-flexslider-gallery-2' class='gallery-columns-1 gallery-size-booklium-square mphb-gallery-main-slider mphb-flexslider-gallery-wrapper mphb-room-type-gallery-wrapper mphb-gallery-main-slider-69e72d3d37584' data-flexslider-atts='{\"animation\":\"slide\",\"controlNav\":false,\"animationLoop\":true,\"smoothHeight\":true,\"slideshow\":false}' data-group='69e72d3d37584'><ul class=\"slides\"><li class='gallery-item'><span class='gallery-icon landscape'>\n\t\t\t\t<a href=\"https:\/\/honorvilla.ro\/hu\/accommodation\/ketagyas-szoba\/\"><img loading=\"lazy\" decoding=\"async\" width=\"892\" height=\"800\" src=\"https:\/\/honorvilla.ro\/wp-content\/uploads\/2023\/01\/room3-892x800.jpg\" class=\"attachment-booklium-square size-booklium-square\" alt=\"\" \/><\/a>\n\t\t\t<\/span><\/li><li class='gallery-item'><span class='gallery-icon landscape'>\n\t\t\t\t<a href=\"https:\/\/honorvilla.ro\/hu\/accommodation\/ketagyas-szoba\/\"><img loading=\"lazy\" decoding=\"async\" width=\"892\" height=\"800\" src=\"https:\/\/honorvilla.ro\/wp-content\/uploads\/2023\/01\/livingroom-892x800.jpg\" class=\"attachment-booklium-square size-booklium-square\" alt=\"\" \/><\/a>\n\t\t\t<\/span><\/li><li class='gallery-item'><span class='gallery-icon landscape'>\n\t\t\t\t<a href=\"https:\/\/honorvilla.ro\/hu\/accommodation\/ketagyas-szoba\/\"><img loading=\"lazy\" decoding=\"async\" width=\"892\" height=\"683\" src=\"https:\/\/honorvilla.ro\/wp-content\/uploads\/2023\/01\/50132444-892x683.jpg\" class=\"attachment-booklium-square size-booklium-square\" alt=\"\" \/><\/a>\n\t\t\t<\/span><\/li><li class='gallery-item'><span class='gallery-icon landscape'>\n\t\t\t\t<a href=\"https:\/\/honorvilla.ro\/hu\/accommodation\/ketagyas-szoba\/\"><img loading=\"lazy\" decoding=\"async\" width=\"892\" height=\"683\" src=\"https:\/\/honorvilla.ro\/wp-content\/uploads\/2023\/01\/18698025-892x683.jpg\" class=\"attachment-booklium-square size-booklium-square\" alt=\"\" \/><\/a>\n\t\t\t<\/span><\/li><li class='gallery-item'><span class='gallery-icon landscape'>\n\t\t\t\t<a href=\"https:\/\/honorvilla.ro\/hu\/accommodation\/ketagyas-szoba\/\"><img loading=\"lazy\" decoding=\"async\" width=\"892\" height=\"800\" src=\"https:\/\/honorvilla.ro\/wp-content\/uploads\/2023\/01\/jakuzzi_view-892x800.jpg\" class=\"attachment-booklium-square size-booklium-square\" alt=\"\" \/><\/a>\n\t\t\t<\/span><\/li><li class='gallery-item'><span class='gallery-icon landscape'>\n\t\t\t\t<a href=\"https:\/\/honorvilla.ro\/hu\/accommodation\/ketagyas-szoba\/\"><img loading=\"lazy\" decoding=\"async\" width=\"892\" height=\"683\" src=\"https:\/\/honorvilla.ro\/wp-content\/uploads\/2023\/01\/129562125-892x683.jpg\" class=\"attachment-booklium-square size-booklium-square\" alt=\"\" \/><\/a>\n\t\t\t<\/span><\/li><\/ul>\n\t\t<\/div>\n\n\t<\/div>\n\t            <\/div>\n\t\t\t            <div class=\"loop-room-info-wrapper\">\n\t\t\t\t\n<h2 class=\"mphb-room-type-title entry-title\">\n\n<a class=\"mphb-room-type-title\" href=\"https:\/\/honorvilla.ro\/hu\/accommodation\/ketagyas-szoba\/\">K\u00e9t\u00e1gyas szoba<\/a>\n\n<\/h2>\n\n<p>N\u00e9gy t\u00e1gas h\u00e1l\u00f3szob\u00e1nk van, gondosan berendezve, hogy a h\u00e1z term\u00e9szet\u00e9t a modern technol\u00f3gia k\u00e9nyelm\u00e9vel \u00f6tv\u00f6zz\u00fck. Az egyik k\u00e9t\u00e1gyas h\u00e1l\u00f3szob\u00e1nk hossz\u00fa erk\u00e9llyel rendelkezik, amely a Hargita-hegys\u00e9gre n\u00e9z, \u00e9s minden szob\u00e1nkb\u00f3l leny\u0171g\u00f6z\u0151 kil\u00e1t\u00e1s ny\u00edlik a k\u00f6rnyez\u0151 hegyekre. Minden szob\u00e1nk meleg [...]<\/p>\n\n            <\/div>\n\t\t            <div class=\"loop-room-book-wrapper\">\n\t\t\t\t\n\n\t<p class=\"mphb-regular-price\"><strong>\u00c1r \u0171rlap:<\/strong>\n\t<span class=\"mphb-price\"><span class=\"mphb-currency\">\u20ac<\/span>160<\/span> <span class=\"mphb-price-period\" title=\"V\u00e1lassza ki a d\u00e1tumot az aktu\u00e1lis \u00e1rak megtekint\u00e9s\u00e9hez\">2 \u00e9jszaka<\/span>\n\t<\/p>\n\t\n<div class=\"mphb-to-book-btn-wrapper\">\n<form action=\"https:\/\/honorvilla.ro\/hu\/accommodation\/ketagyas-szoba\/#booking-form-1500\" method=\"get\" data-trp-original-action=\"https:\/\/honorvilla.ro\/hu\/accommodation\/ketagyas-szoba\/#booking-form-1500\" ><button type=\"submit\" class=\"button mphb-book-button\" >Foglal\u00e1s<\/button><input type=\"hidden\" name=\"trp-form-language\" value=\"hu\"\/><\/form>\n<br\/><\/div>            <\/div>\n\t\t\n    <\/div>\n\t\n<\/div>\n\n    <\/div>\r\n\t<\/div>","protected":false},"excerpt":{"rendered":"<p>A hangulatos szob\u00e1k rendk\u00edv\u00fcl cs\u00e1b\u00edt\u00f3 f\u00fazi\u00f3ja \u00e9s az ablakb\u00f3l ny\u00edl\u00f3 mes\u00e9s kil\u00e1t\u00e1s meglepi \u00d6nt, amint kinyitja a szoba ajtaj\u00e1t. \u00c9lvezze a hely nyugalm\u00e1t \u00e9s fens\u00e9g\u00e9t. <\/p>","protected":false},"author":1,"featured_media":0,"parent":0,"menu_order":0,"comment_status":"closed","ping_status":"closed","template":"template-wide-page.php","meta":{"inline_featured_image":false,"footnotes":""},"class_list":["post-1242","page","type-page","status-publish","hentry"],"_links":{"self":[{"href":"https:\/\/honorvilla.ro\/hu\/wp-json\/wp\/v2\/pages\/1242","targetHints":{"allow":["GET"]}}],"collection":[{"href":"https:\/\/honorvilla.ro\/hu\/wp-json\/wp\/v2\/pages"}],"about":[{"href":"https:\/\/honorvilla.ro\/hu\/wp-json\/wp\/v2\/types\/page"}],"author":[{"embeddable":true,"href":"https:\/\/honorvilla.ro\/hu\/wp-json\/wp\/v2\/users\/1"}],"replies":[{"embeddable":true,"href":"https:\/\/honorvilla.ro\/hu\/wp-json\/wp\/v2\/comments?post=1242"}],"version-history":[{"count":0,"href":"https:\/\/honorvilla.ro\/hu\/wp-json\/wp\/v2\/pages\/1242\/revisions"}],"wp:attachment":[{"href":"https:\/\/honorvilla.ro\/hu\/wp-json\/wp\/v2\/media?parent=1242"}],"curies":[{"name":"wp","href":"https:\/\/api.w.org\/{rel}","templated":true}]}}