{"id":1373,"date":"2019-09-26T08:15:53","date_gmt":"2019-09-26T08:15:53","guid":{"rendered":"https:\/\/themes.getmotopress.com\/booklium-bed-and-breakfast\/booking-confirmation\/booking-canceled\/"},"modified":"2019-09-26T08:15:53","modified_gmt":"2019-09-26T08:15:53","slug":"booking-canceled","status":"publish","type":"page","link":"https:\/\/honorvilla.ro\/hu\/foglalasi-visszaigazolas-2\/foglalas-megtorolt-2\/","title":{"rendered":"Foglal\u00e1s lemondva"},"content":{"rendered":"<p>A foglal\u00e1s\u00e1t t\u00f6r\u00f6lt\u00fck.<\/p>","protected":false},"excerpt":{"rendered":"<p>A foglal\u00e1s\u00e1t t\u00f6r\u00f6lt\u00fck.<\/p>","protected":false},"author":1,"featured_media":0,"parent":1371,"menu_order":0,"comment_status":"closed","ping_status":"closed","template":"","meta":{"inline_featured_image":false,"footnotes":""},"class_list":["post-1373","page","type-page","status-publish","hentry"],"_links":{"self":[{"href":"https:\/\/honorvilla.ro\/hu\/wp-json\/wp\/v2\/pages\/1373","targetHints":{"allow":["GET"]}}],"collection":[{"href":"https:\/\/honorvilla.ro\/hu\/wp-json\/wp\/v2\/pages"}],"about":[{"href":"https:\/\/honorvilla.ro\/hu\/wp-json\/wp\/v2\/types\/page"}],"author":[{"embeddable":true,"href":"https:\/\/honorvilla.ro\/hu\/wp-json\/wp\/v2\/users\/1"}],"replies":[{"embeddable":true,"href":"https:\/\/honorvilla.ro\/hu\/wp-json\/wp\/v2\/comments?post=1373"}],"version-history":[{"count":0,"href":"https:\/\/honorvilla.ro\/hu\/wp-json\/wp\/v2\/pages\/1373\/revisions"}],"up":[{"embeddable":true,"href":"https:\/\/honorvilla.ro\/hu\/wp-json\/wp\/v2\/pages\/1371"}],"wp:attachment":[{"href":"https:\/\/honorvilla.ro\/hu\/wp-json\/wp\/v2\/media?parent=1373"}],"curies":[{"name":"wp","href":"https:\/\/api.w.org\/{rel}","templated":true}]}}