{"id":1375,"date":"2019-09-26T08:15:54","date_gmt":"2019-09-26T08:15:54","guid":{"rendered":"https:\/\/themes.getmotopress.com\/booklium-bed-and-breakfast\/booking-confirmation\/transaction-failed\/"},"modified":"2019-09-26T08:15:54","modified_gmt":"2019-09-26T08:15:54","slug":"transaction-failed","status":"publish","type":"page","link":"https:\/\/honorvilla.ro\/hu\/foglalasi-visszaigazolas-2\/tranzakcio-sikertelen\/","title":{"rendered":"Tranzakci\u00f3 sikertelen"},"content":{"rendered":"<p>Sajnos a tranzakci\u00f3t jelenleg nem lehet befejezni. K\u00e9rj\u00fck, pr\u00f3b\u00e1lja meg \u00fajra, vagy l\u00e9pjen kapcsolatba vel\u00fcnk.<\/p>","protected":false},"excerpt":{"rendered":"<p>Sajnos a tranzakci\u00f3t jelenleg nem lehet befejezni. K\u00e9rj\u00fck, pr\u00f3b\u00e1lja meg \u00fajra, vagy l\u00e9pjen kapcsolatba vel\u00fcnk.<\/p>","protected":false},"author":1,"featured_media":0,"parent":1371,"menu_order":0,"comment_status":"closed","ping_status":"closed","template":"","meta":{"inline_featured_image":false,"footnotes":""},"class_list":["post-1375","page","type-page","status-publish","hentry"],"_links":{"self":[{"href":"https:\/\/honorvilla.ro\/hu\/wp-json\/wp\/v2\/pages\/1375","targetHints":{"allow":["GET"]}}],"collection":[{"href":"https:\/\/honorvilla.ro\/hu\/wp-json\/wp\/v2\/pages"}],"about":[{"href":"https:\/\/honorvilla.ro\/hu\/wp-json\/wp\/v2\/types\/page"}],"author":[{"embeddable":true,"href":"https:\/\/honorvilla.ro\/hu\/wp-json\/wp\/v2\/users\/1"}],"replies":[{"embeddable":true,"href":"https:\/\/honorvilla.ro\/hu\/wp-json\/wp\/v2\/comments?post=1375"}],"version-history":[{"count":0,"href":"https:\/\/honorvilla.ro\/hu\/wp-json\/wp\/v2\/pages\/1375\/revisions"}],"up":[{"embeddable":true,"href":"https:\/\/honorvilla.ro\/hu\/wp-json\/wp\/v2\/pages\/1371"}],"wp:attachment":[{"href":"https:\/\/honorvilla.ro\/hu\/wp-json\/wp\/v2\/media?parent=1375"}],"curies":[{"name":"wp","href":"https:\/\/api.w.org\/{rel}","templated":true}]}}