{"id":5,"date":"2019-09-26T08:15:53","date_gmt":"2019-09-26T08:15:53","guid":{"rendered":"https:\/\/themes.getmotopress.com\/booklium-bed-and-breakfast\/search-availability\/"},"modified":"2019-09-26T08:15:53","modified_gmt":"2019-09-26T08:15:53","slug":"search-availability-2","status":"publish","type":"page","link":"https:\/\/honorvilla.ro\/hu\/kereses-elerhetoseg-2\/","title":{"rendered":"Keres\u00e9s el\u00e9rhet\u0151s\u00e9g"},"content":{"rendered":"<div class=\"mphb_sc_search-wrapper\">\n<form method=\"GET\" class=\"mphb_sc_search-form\" action=\"https:\/\/honorvilla.ro\/hu\/keresesi-eredmenyek-2\/\" data-first_available_check_in_date=\"2026-05-01\" data-trp-original-action=\"https:\/\/honorvilla.ro\/hu\/keresesi-eredmenyek-2\/\">\n\n\t\n\t<p class=\"mphb_sc_search-check-in-date\">\n\t\t<label for=\"mphb_check_in_date-mphb-search-form-69f40bee6c3ad\">\n\t\t\tBejelentkez\u00e9s\t\t\t<abbr title=\"Form\u00e1zott dd\/mm\/yyyyyy\">*<\/abbr>\n\t\t<\/label>\n\t\t<br \/>\n\t\t<input\n\t\t\tid=\"mphb_check_in_date-mphb-search-form-69f40bee6c3ad\"\n\t\t\tdata-datepick-group=\"mphb-search-form-69f40bee6c3ad\"\n\t\t\tvalue=\"\"\n\t\t\tplaceholder=\"Bejelentkez\u00e9si d\u00e1tum\"\n\t\t\trequired=\"required\"\n\t\t\ttype=\"text\"\n\t\t\tinputmode=\"none\"\n\t\t\tname=\"mphb_check_in_date\"\n\t\t\tclass=\"mphb-datepick\"\n\t\t\tautocomplete=\"off\"\n\t\t\t\/>\n\t<\/p>\n\n\t<p class=\"mphb_sc_search-check-out-date\">\n\t\t<label for=\"mphb_check_out_date-mphb-search-form-69f40bee6c3ad\">\n\t\t\tKijelentkez\u00e9s\t\t\t<abbr title=\"Form\u00e1zott dd\/mm\/yyyyyy\">*<\/abbr>\n\t\t<\/label>\n\t\t<br \/>\n\t\t<input\n\t\t\tid=\"mphb_check_out_date-mphb-search-form-69f40bee6c3ad\"\n\t\t\tdata-datepick-group=\"mphb-search-form-69f40bee6c3ad\"\n\t\t\tvalue=\"\"\n\t\t\tplaceholder=\"Kijelentkez\u00e9si d\u00e1tum\"\n\t\t\trequired=\"required\"\n\t\t\ttype=\"text\"\n\t\t\tinputmode=\"none\"\n\t\t\tname=\"mphb_check_out_date\"\n\t\t\tclass=\"mphb-datepick\"\n\t\t\tautocomplete=\"off\"\n\t\t\t\/>\n\t<\/p>\n\n\t\t\t<p class=\"mphb_sc_search-adults\">\n\t\t\t<label for=\"mphb_adults-mphb-search-form-69f40bee6c3ad\">\n\t\t\t\tVend\u00e9gek\t\t\t<\/label>\n\t\t\t<br \/>\n\t\t\t<select id=\"mphb_adults-mphb-search-form-69f40bee6c3ad\" name=\"mphb_adults\" >\n\t\t\t\t\t\t\t\t\t<option value=\"1\"  selected='selected'>1<\/option>\n\t\t\t\t\t\t\t\t\t<option value=\"2\" >2<\/option>\n\t\t\t\t\t\t\t\t\t<option value=\"3\" >3<\/option>\n\t\t\t\t\t\t\t\t\t<option value=\"4\" >4<\/option>\n\t\t\t\t\t\t\t\t\t<option value=\"5\" >5<\/option>\n\t\t\t\t\t\t\t\t\t<option value=\"6\" >6<\/option>\n\t\t\t\t\t\t\t\t\t<option value=\"7\" >7<\/option>\n\t\t\t\t\t\t\t\t\t<option value=\"8\" >8<\/option>\n\t\t\t\t\t\t\t\t\t<option value=\"9\" >9<\/option>\n\t\t\t\t\t\t\t\t\t<option value=\"10\" >10<\/option>\n\t\t\t\t\t\t\t\t\t<option value=\"11\" >11<\/option>\n\t\t\t\t\t\t\t\t\t<option value=\"12\" >12<\/option>\n\t\t\t\t\t\t\t\t\t<option value=\"13\" >13<\/option>\n\t\t\t\t\t\t\t\t\t<option value=\"14\" >14<\/option>\n\t\t\t\t\t\t\t\t\t<option value=\"15\" >15<\/option>\n\t\t\t\t\t\t\t\t\t<option value=\"16\" >16<\/option>\n\t\t\t\t\t\t\t\t\t<option value=\"17\" >17<\/option>\n\t\t\t\t\t\t\t\t\t<option value=\"18\" >18<\/option>\n\t\t\t\t\t\t\t\t\t<option value=\"19\" >19<\/option>\n\t\t\t\t\t\t\t\t\t<option value=\"20\" >20<\/option>\n\t\t\t\t\t\t\t\t\t<option value=\"21\" >21<\/option>\n\t\t\t\t\t\t\t\t\t<option value=\"22\" >22<\/option>\n\t\t\t\t\t\t\t\t\t<option value=\"23\" >23<\/option>\n\t\t\t\t\t\t\t\t\t<option value=\"24\" >24<\/option>\n\t\t\t\t\t\t\t\t\t<option value=\"25\" >25<\/option>\n\t\t\t\t\t\t\t\t\t<option value=\"26\" >26<\/option>\n\t\t\t\t\t\t\t\t\t<option value=\"27\" >27<\/option>\n\t\t\t\t\t\t\t\t\t<option value=\"28\" >28<\/option>\n\t\t\t\t\t\t\t\t\t<option value=\"29\" >29<\/option>\n\t\t\t\t\t\t\t\t\t<option value=\"30\" >30<\/option>\n\t\t\t\t\t\t\t\t\t<option value=\"31\" >31<\/option>\n\t\t\t\t\t\t\t\t\t<option value=\"32\" >32<\/option>\n\t\t\t\t\t\t\t\t\t<option value=\"33\" >33<\/option>\n\t\t\t\t\t\t\t\t\t<option value=\"34\" >34<\/option>\n\t\t\t\t\t\t\t\t\t<option value=\"35\" >35<\/option>\n\t\t\t\t\t\t\t\t\t<option value=\"36\" >36<\/option>\n\t\t\t\t\t\t\t\t\t<option value=\"37\" >37<\/option>\n\t\t\t\t\t\t\t\t\t<option value=\"38\" >38<\/option>\n\t\t\t\t\t\t\t\t\t<option value=\"39\" >39<\/option>\n\t\t\t\t\t\t\t\t\t<option value=\"40\" >40<\/option>\n\t\t\t\t\t\t\t\t\t<option value=\"41\" >41<\/option>\n\t\t\t\t\t\t\t\t\t<option value=\"42\" >42<\/option>\n\t\t\t\t\t\t\t\t\t<option value=\"43\" >43<\/option>\n\t\t\t\t\t\t\t\t\t<option value=\"44\" >44<\/option>\n\t\t\t\t\t\t\t\t\t<option value=\"45\" >45<\/option>\n\t\t\t\t\t\t\t<\/select>\n\t\t<\/p>\n\t\n\t\t\t<input type=\"hidden\" id=\"mphb_children-mphb-search-form-69f40bee6c3ad\" name=\"mphb_children\" value=\"0\" \/>\n\t\n\t\n\t\n\t<input id=\"mphb_check_in_date-mphb-search-form-69f40bee6c3ad-hidden\" value=\"\" type=\"hidden\" name=\"mphb_check_in_date\" \/><input id=\"mphb_check_out_date-mphb-search-form-69f40bee6c3ad-hidden\" value=\"\" type=\"hidden\" name=\"mphb_check_out_date\" \/>\n\t<p class=\"mphb_sc_search-submit-button-wrapper\">\n\t\t<input type=\"submit\" class=\"button\" value=\"Keres\u00e9s\"\/>\n\t<\/p>\n\n\t\n<input type=\"hidden\" name=\"trp-form-language\" value=\"hu\"\/><\/form>\n<\/div>","protected":false},"excerpt":{"rendered":"","protected":false},"author":1,"featured_media":0,"parent":0,"menu_order":0,"comment_status":"closed","ping_status":"closed","template":"","meta":{"inline_featured_image":false,"footnotes":""},"class_list":["post-5","page","type-page","status-publish","hentry"],"_links":{"self":[{"href":"https:\/\/honorvilla.ro\/hu\/wp-json\/wp\/v2\/pages\/5","targetHints":{"allow":["GET"]}}],"collection":[{"href":"https:\/\/honorvilla.ro\/hu\/wp-json\/wp\/v2\/pages"}],"about":[{"href":"https:\/\/honorvilla.ro\/hu\/wp-json\/wp\/v2\/types\/page"}],"author":[{"embeddable":true,"href":"https:\/\/honorvilla.ro\/hu\/wp-json\/wp\/v2\/users\/1"}],"replies":[{"embeddable":true,"href":"https:\/\/honorvilla.ro\/hu\/wp-json\/wp\/v2\/comments?post=5"}],"version-history":[{"count":0,"href":"https:\/\/honorvilla.ro\/hu\/wp-json\/wp\/v2\/pages\/5\/revisions"}],"wp:attachment":[{"href":"https:\/\/honorvilla.ro\/hu\/wp-json\/wp\/v2\/media?parent=5"}],"curies":[{"name":"wp","href":"https:\/\/api.w.org\/{rel}","templated":true}]}}