{"id":554,"date":"2019-09-17T11:28:45","date_gmt":"2019-09-17T11:28:45","guid":{"rendered":"https:\/\/themes.getmotopress.com\/booklium-default\/?page_id=554"},"modified":"2023-01-11T18:48:38","modified_gmt":"2023-01-11T18:48:38","slug":"amenities","status":"publish","type":"page","link":"https:\/\/honorvilla.ro\/hu\/felszereltseg\/","title":{"rendered":"Felszerelts\u00e9g"},"content":{"rendered":"<div class=\"wp-block-getwid-section getwid-margin-top-none getwid-section-content-custom-width\"><div class=\"wp-block-getwid-section__wrapper getwid-padding-left-none getwid-padding-right-none\" style=\"padding-top:30px;padding-bottom:20px\"><div class=\"wp-block-getwid-section__inner-wrapper\" style=\"max-width:892px\"><div class=\"wp-block-getwid-section__background-holder\"><div class=\"wp-block-getwid-section__background\"><\/div><div class=\"wp-block-getwid-section__foreground\"><\/div><\/div><div class=\"wp-block-getwid-section__content\"><div class=\"wp-block-getwid-section__inner-content\">\r\n<div class=\"wp-block-getwid-advanced-heading\" style=\"margin-bottom:10px\"><h4 class=\"wp-block-getwid-advanced-heading__content\" style=\"text-align:center\">Haszn\u00e1lja ki az \u00f6sszes k\u00e9nyelmi szolg\u00e1ltat\u00e1sunkat \u00e9s szolg\u00e1ltat\u00e1sunkat.<\/h4><\/div>\r\n\r\n\r\n\r\n<p style=\"font-size:14px;text-align:center\"> Van egy hatalmas medence, ahonnan minden h\u00e1zb\u00f3l nagyszer\u0171 kil\u00e1t\u00e1s ny\u00edlik. Vigy\u00e1zunk az \u00d6n eg\u00e9szs\u00e9g\u00e9re, \u00edgy minden nap medenc\u00e9k tiszt\u00edtj\u00e1k a mi szakmai dolgokat az \u00d6n sz\u00e1m\u00e1ra el\u0151ny\u00f6s \u00f3r\u00e1kban. A romantikus est\u00e9re r\u00f3zsaszirmokkal d\u00edsz\u00edthetj\u00fck.  Tudjuk d\u00edsz\u00edteni r\u00f3zsaszirmokkal az \u00d6n romantikus est\u00e9j\u00e9re.<\/p>\r\n<\/div><\/div><\/div><\/div><\/div>\r\n\r\n\r\n\r\n<div class=\"wp-block-columns has-2-columns is-layout-flex wp-container-core-columns-is-layout-9d6595d7 wp-block-columns-is-layout-flex\">\r\n<div class=\"wp-block-column is-layout-flow wp-block-column-is-layout-flow\">\r\n<div class=\"wp-block-getwid-section is-style-with-shadow\"><div class=\"wp-block-getwid-section__wrapper getwid-padding-top-medium getwid-padding-bottom-medium getwid-padding-left-medium getwid-padding-right-medium\"><div class=\"wp-block-getwid-section__inner-wrapper\"><div class=\"wp-block-getwid-section__background-holder\"><div class=\"wp-block-getwid-section__background has-background has-white-background-color\"><\/div><div class=\"wp-block-getwid-section__foreground\"><\/div><\/div><div class=\"wp-block-getwid-section__content\"><div class=\"wp-block-getwid-section__inner-content\">\r\n<div class=\"wp-block-getwid-image-box has-image-left has-text-left has-mobile-layout-column has-mobile-alignment-center\"><div class=\"wp-block-getwid-image-box__image-container is-position-middle\"><div class=\"wp-block-getwid-image-box__image-wrapper\"><img loading=\"lazy\" decoding=\"async\" width=\"892\" height=\"892\" src=\"https:\/\/honorvilla.ro\/wp-content\/uploads\/2019\/10\/Coffee-machine.jpg\" alt=\"\" class=\"wp-block-getwid-image-box__image wp-image-1114\" srcset=\"https:\/\/honorvilla.ro\/wp-content\/uploads\/2019\/10\/Coffee-machine.jpg 892w, https:\/\/honorvilla.ro\/wp-content\/uploads\/2019\/10\/Coffee-machine-300x300.jpg 300w, https:\/\/honorvilla.ro\/wp-content\/uploads\/2019\/10\/Coffee-machine-150x150.jpg 150w, https:\/\/honorvilla.ro\/wp-content\/uploads\/2019\/10\/Coffee-machine-768x768.jpg 768w\" sizes=\"auto, (max-width: 892px) 100vw, 892px\" \/><\/div><\/div><div class=\"wp-block-getwid-image-box__content\">\r\n<div class=\"wp-block-getwid-advanced-heading\" style=\"margin-bottom:15px\"><h4 class=\"wp-block-getwid-advanced-heading__content\">K\u00e1v\u00e9g\u00e9p <\/h4><\/div>\r\n\r\n\r\n\r\n<p style=\"font-size:14px\">A 15 m\u00e9teres, hatalmas medenc\u00e9ben \u00e9lvezetes \u00fcld\u00f6g\u00e9lni a hatalmas k\u00e9k \u00f3ce\u00e1nra n\u00e9z\u0151 kil\u00e1t\u00e1ssal.<\/p>\r\n\r\n\r\n\r\n<div class=\"wp-block-getwid-advanced-heading has-custom-font-size\" style=\"font-size:14px\"><h5 class=\"wp-block-getwid-advanced-heading__content has-text-color has-light-sea-green-color\"><a href=\"#\">Olvass tov\u00e1bb<\/a><\/h5><\/div>\r\n<\/div><\/div>\r\n<\/div><\/div><\/div><\/div><\/div>\r\n\r\n\r\n\r\n<div class=\"wp-block-getwid-section is-style-with-shadow\"><div class=\"wp-block-getwid-section__wrapper getwid-padding-top-medium getwid-padding-bottom-medium getwid-padding-left-medium getwid-padding-right-medium\"><div class=\"wp-block-getwid-section__inner-wrapper\"><div class=\"wp-block-getwid-section__background-holder\"><div class=\"wp-block-getwid-section__background has-background has-white-background-color\"><\/div><div class=\"wp-block-getwid-section__foreground\"><\/div><\/div><div class=\"wp-block-getwid-section__content\"><div class=\"wp-block-getwid-section__inner-content\">\r\n<div class=\"wp-block-getwid-image-box has-image-left has-text-left has-mobile-layout-column has-mobile-alignment-center\"><div class=\"wp-block-getwid-image-box__image-container is-position-middle\"><div class=\"wp-block-getwid-image-box__image-wrapper\"><img loading=\"lazy\" decoding=\"async\" width=\"892\" height=\"892\" src=\"https:\/\/honorvilla.ro\/wp-content\/uploads\/2019\/10\/Touristic-information.jpg\" alt=\"\" class=\"wp-block-getwid-image-box__image wp-image-1115\" srcset=\"https:\/\/honorvilla.ro\/wp-content\/uploads\/2019\/10\/Touristic-information.jpg 892w, https:\/\/honorvilla.ro\/wp-content\/uploads\/2019\/10\/Touristic-information-300x300.jpg 300w, https:\/\/honorvilla.ro\/wp-content\/uploads\/2019\/10\/Touristic-information-150x150.jpg 150w, https:\/\/honorvilla.ro\/wp-content\/uploads\/2019\/10\/Touristic-information-768x768.jpg 768w\" sizes=\"auto, (max-width: 892px) 100vw, 892px\" \/><\/div><\/div><div class=\"wp-block-getwid-image-box__content\">\r\n<div class=\"wp-block-getwid-advanced-heading\" style=\"margin-bottom:15px\"><h4 class=\"wp-block-getwid-advanced-heading__content\">Konferenciaterem<\/h4><\/div>\r\n\r\n\r\n\r\n<p style=\"font-size:14px\">A t\u00e1rgyal\u00f3terem teljesen felszerelt, hogy a megbesz\u00e9l\u00e9sek k\u00e9nyelmesen, k\u00e9nyelmetlens\u00e9gek n\u00e9lk\u00fcl zajlanak. <\/p>\r\n\r\n\r\n\r\n<div class=\"wp-block-getwid-advanced-heading has-custom-font-size\" style=\"font-size:14px\"><h5 class=\"wp-block-getwid-advanced-heading__content has-text-color has-light-sea-green-color\"><a href=\"#\">Olvass tov\u00e1bb<\/a><\/h5><\/div>\r\n<\/div><\/div>\r\n<\/div><\/div><\/div><\/div><\/div>\r\n<\/div>\r\n\r\n\r\n\r\n<div class=\"wp-block-column is-layout-flow wp-block-column-is-layout-flow\">\r\n<div class=\"wp-block-getwid-section is-style-with-shadow\"><div class=\"wp-block-getwid-section__wrapper getwid-padding-top-medium getwid-padding-bottom-medium getwid-padding-left-medium getwid-padding-right-medium\"><div class=\"wp-block-getwid-section__inner-wrapper\"><div class=\"wp-block-getwid-section__background-holder\"><div class=\"wp-block-getwid-section__background has-background has-white-background-color\"><\/div><div class=\"wp-block-getwid-section__foreground\"><\/div><\/div><div class=\"wp-block-getwid-section__content\"><div class=\"wp-block-getwid-section__inner-content\">\r\n<div class=\"wp-block-getwid-image-box has-image-left has-text-left has-mobile-layout-column has-mobile-alignment-center\"><div class=\"wp-block-getwid-image-box__image-container is-position-middle\"><div class=\"wp-block-getwid-image-box__image-wrapper\"><img loading=\"lazy\" decoding=\"async\" width=\"892\" height=\"892\" src=\"https:\/\/honorvilla.ro\/wp-content\/uploads\/2019\/10\/Small-library.jpg\" alt=\"\" class=\"wp-block-getwid-image-box__image wp-image-1113\" srcset=\"https:\/\/honorvilla.ro\/wp-content\/uploads\/2019\/10\/Small-library.jpg 892w, https:\/\/honorvilla.ro\/wp-content\/uploads\/2019\/10\/Small-library-300x300.jpg 300w, https:\/\/honorvilla.ro\/wp-content\/uploads\/2019\/10\/Small-library-150x150.jpg 150w, https:\/\/honorvilla.ro\/wp-content\/uploads\/2019\/10\/Small-library-768x768.jpg 768w\" sizes=\"auto, (max-width: 892px) 100vw, 892px\" \/><\/div><\/div><div class=\"wp-block-getwid-image-box__content\">\r\n<div class=\"wp-block-getwid-advanced-heading\" style=\"margin-bottom:15px\"><h4 class=\"wp-block-getwid-advanced-heading__content\">K\u00f6nyvt\u00e1r<\/h4><\/div>\r\n\r\n\r\n\r\n<p style=\"font-size:14px\">A helyi konyha finom \u00e9teleit szolg\u00e1ljuk fel, amelyek kiz\u00e1r\u00f3lag term\u00e9szetes, friss alapanyagokb\u00f3l k\u00e9sz\u00fclnek.<\/p>\r\n\r\n\r\n\r\n<div class=\"wp-block-getwid-advanced-heading has-custom-font-size\" style=\"font-size:14px\"><h5 class=\"wp-block-getwid-advanced-heading__content has-text-color has-light-sea-green-color\"><a href=\"#\">Olvass tov\u00e1bb<\/a><\/h5><\/div>\r\n<\/div><\/div>\r\n<\/div><\/div><\/div><\/div><\/div>\r\n\r\n\r\n\r\n<div class=\"wp-block-getwid-section is-style-with-shadow\"><div class=\"wp-block-getwid-section__wrapper getwid-padding-top-medium getwid-padding-bottom-medium getwid-padding-left-medium getwid-padding-right-medium\"><div class=\"wp-block-getwid-section__inner-wrapper\"><div class=\"wp-block-getwid-section__background-holder\"><div class=\"wp-block-getwid-section__background has-background has-white-background-color\"><\/div><div class=\"wp-block-getwid-section__foreground\"><\/div><\/div><div class=\"wp-block-getwid-section__content\"><div class=\"wp-block-getwid-section__inner-content\">\r\n<div class=\"wp-block-getwid-image-box has-image-left has-text-left has-mobile-layout-column has-mobile-alignment-center\"><div class=\"wp-block-getwid-image-box__image-container is-position-middle\"><div class=\"wp-block-getwid-image-box__image-wrapper\"><img loading=\"lazy\" decoding=\"async\" width=\"892\" height=\"892\" src=\"https:\/\/honorvilla.ro\/wp-content\/uploads\/2019\/10\/Great-atmosphere.jpg\" alt=\"\" class=\"wp-block-getwid-image-box__image wp-image-1112\" srcset=\"https:\/\/honorvilla.ro\/wp-content\/uploads\/2019\/10\/Great-atmosphere.jpg 892w, https:\/\/honorvilla.ro\/wp-content\/uploads\/2019\/10\/Great-atmosphere-300x300.jpg 300w, https:\/\/honorvilla.ro\/wp-content\/uploads\/2019\/10\/Great-atmosphere-150x150.jpg 150w, https:\/\/honorvilla.ro\/wp-content\/uploads\/2019\/10\/Great-atmosphere-768x768.jpg 768w\" sizes=\"auto, (max-width: 892px) 100vw, 892px\" \/><\/div><\/div><div class=\"wp-block-getwid-image-box__content\">\r\n<div class=\"wp-block-getwid-advanced-heading\" style=\"margin-bottom:15px\"><h4 class=\"wp-block-getwid-advanced-heading__content\">Nagyszer\u0171 hangulat<\/h4><\/div>\r\n\r\n\r\n\r\n<p style=\"font-size:14px\">Hatalmas edz\u0151terem a k\u00fcl\u00f6nb\u00f6z\u0151 hasznos szimul\u00e1torokkal, hogy a nyaral\u00e1s alatt is fitt maradjon a teste. <\/p>\r\n\r\n\r\n\r\n<div class=\"wp-block-getwid-advanced-heading has-custom-font-size\" style=\"font-size:14px\"><h5 class=\"wp-block-getwid-advanced-heading__content has-text-color has-light-sea-green-color\"><a href=\"#\">Olvass tov\u00e1bb<\/a><\/h5><\/div>\r\n<\/div><\/div>\r\n<\/div><\/div><\/div><\/div><\/div>\r\n<\/div>\r\n<\/div>\r\n\r\n\r\n\r\n<div style=\"height:52px\" aria-hidden=\"true\" class=\"wp-block-spacer\"><\/div>\r\n\r\n\r\n\r\n<hr class=\"wp-block-separator is-style-wide\"\/>\r\n\r\n\r\n\r\n<div style=\"height:32px\" aria-hidden=\"true\" class=\"wp-block-spacer\"><\/div>\r\n\r\n\r\n\r\n<div class=\"wp-block-getwid-advanced-heading\" style=\"margin-bottom:5px\"><h2 class=\"wp-block-getwid-advanced-heading__content\" style=\"text-align:center\">K\u00fcl\u00f6nlegess\u00e9gek \u00e9s szolg\u00e1ltat\u00e1sok<\/h2><\/div>\r\n\r\n\r\n\r\n<div class=\"wp-block-getwid-advanced-heading\" style=\"margin-bottom:50px\"><span class=\"wp-block-getwid-advanced-heading__content\" style=\"text-align:center\">B\u00e1rmely villa lefoglal\u00e1sa ut\u00e1n az utaz\u00e1sszervez\u0151 felveszi \u00d6nnel a kapcsolatot, \u00e9s megszervezi a felsorolt szolg\u00e1ltat\u00e1sok b\u00e1rmelyik\u00e9t.<\/span><\/div>\r\n\r\n\r\n\r\n<div class=\"wp-block-columns has-4-columns is-layout-flex wp-container-core-columns-is-layout-9d6595d7 wp-block-columns-is-layout-flex\">\r\n<div class=\"wp-block-column is-layout-flow wp-block-column-is-layout-flow\">\r\n<div class=\"wp-block-getwid-banner is-style-shadow-bottom has-animation-style4 has-foreground-undefined has-vertical-alignment-bottom\"><a href=\"#\" class=\"wp-block-getwid-banner__link\"><div class=\"wp-block-getwid-banner__wrapper\"><img loading=\"lazy\" decoding=\"async\" width=\"892\" height=\"1060\" src=\"https:\/\/honorvilla.ro\/wp-content\/uploads\/2019\/10\/banner-1.jpg\" alt=\"\" class=\"wp-block-getwid-banner__image wp-block-getwid-banner__source wp-image-1116\" srcset=\"https:\/\/honorvilla.ro\/wp-content\/uploads\/2019\/10\/banner-1.jpg 892w, https:\/\/honorvilla.ro\/wp-content\/uploads\/2019\/10\/banner-1-252x300.jpg 252w, https:\/\/honorvilla.ro\/wp-content\/uploads\/2019\/10\/banner-1-862x1024.jpg 862w, https:\/\/honorvilla.ro\/wp-content\/uploads\/2019\/10\/banner-1-768x913.jpg 768w\" sizes=\"auto, (max-width: 892px) 100vw, 892px\" \/><div class=\"wp-block-getwid-banner__caption\" style=\"min-height:315px\"><div class=\"wp-block-getwid-banner__caption-wrapper\"><span class=\"wp-block-getwid-banner__title\">Magas szolg\u00e1ltat\u00e1s<\/span><p class=\"wp-block-getwid-banner__text\">K\u00e9nyelem \u00e9s otthonoss\u00e1g<\/p><\/div><\/div><\/div><\/a><\/div>\r\n<\/div>\r\n\r\n\r\n\r\n<div class=\"wp-block-column is-layout-flow wp-block-column-is-layout-flow\">\r\n<div class=\"wp-block-getwid-banner is-style-shadow-bottom has-animation-style4 has-foreground-undefined has-vertical-alignment-bottom\"><a href=\"#\" class=\"wp-block-getwid-banner__link\"><div class=\"wp-block-getwid-banner__wrapper\"><img loading=\"lazy\" decoding=\"async\" width=\"892\" height=\"1060\" src=\"https:\/\/honorvilla.ro\/wp-content\/uploads\/2019\/10\/banner-2.jpg\" alt=\"\" class=\"wp-block-getwid-banner__image wp-block-getwid-banner__source wp-image-1119\" srcset=\"https:\/\/honorvilla.ro\/wp-content\/uploads\/2019\/10\/banner-2.jpg 892w, https:\/\/honorvilla.ro\/wp-content\/uploads\/2019\/10\/banner-2-252x300.jpg 252w, https:\/\/honorvilla.ro\/wp-content\/uploads\/2019\/10\/banner-2-862x1024.jpg 862w, https:\/\/honorvilla.ro\/wp-content\/uploads\/2019\/10\/banner-2-768x913.jpg 768w\" sizes=\"auto, (max-width: 892px) 100vw, 892px\" \/><div class=\"wp-block-getwid-banner__caption\" style=\"min-height:315px\"><div class=\"wp-block-getwid-banner__caption-wrapper\"><span class=\"wp-block-getwid-banner__title\">Hegyi s\u00e9ta<\/span><p class=\"wp-block-getwid-banner__text\">10$ h\u00e9tf\u0151nk\u00e9nt szabad<\/p><\/div><\/div><\/div><\/a><\/div>\r\n<\/div>\r\n\r\n\r\n\r\n<div class=\"wp-block-column is-layout-flow wp-block-column-is-layout-flow\">\r\n<div class=\"wp-block-getwid-banner is-style-shadow-bottom has-animation-style4 has-foreground-undefined has-vertical-alignment-bottom\"><a href=\"#\" class=\"wp-block-getwid-banner__link\"><div class=\"wp-block-getwid-banner__wrapper\"><img loading=\"lazy\" decoding=\"async\" width=\"892\" height=\"1060\" src=\"https:\/\/honorvilla.ro\/wp-content\/uploads\/2019\/10\/banner-3.jpg\" alt=\"\" class=\"wp-block-getwid-banner__image wp-block-getwid-banner__source wp-image-1117\" srcset=\"https:\/\/honorvilla.ro\/wp-content\/uploads\/2019\/10\/banner-3.jpg 892w, https:\/\/honorvilla.ro\/wp-content\/uploads\/2019\/10\/banner-3-252x300.jpg 252w, https:\/\/honorvilla.ro\/wp-content\/uploads\/2019\/10\/banner-3-862x1024.jpg 862w, https:\/\/honorvilla.ro\/wp-content\/uploads\/2019\/10\/banner-3-768x913.jpg 768w\" sizes=\"auto, (max-width: 892px) 100vw, 892px\" \/><div class=\"wp-block-getwid-banner__caption\" style=\"min-height:315px\"><div class=\"wp-block-getwid-banner__caption-wrapper\"><span class=\"wp-block-getwid-banner__title\">K\u00e9nyelmes szob\u00e1k<\/span><p class=\"wp-block-getwid-banner__text\">Hagyja a test\u00e9t ellazulni<\/p><\/div><\/div><\/div><\/a><\/div>\r\n<\/div>\r\n\r\n\r\n\r\n<div class=\"wp-block-column is-layout-flow wp-block-column-is-layout-flow\">\r\n<div class=\"wp-block-getwid-banner is-style-shadow-bottom has-animation-style4 has-foreground-undefined has-vertical-alignment-bottom\"><a href=\"#\" class=\"wp-block-getwid-banner__link\"><div class=\"wp-block-getwid-banner__wrapper\"><img loading=\"lazy\" decoding=\"async\" width=\"892\" height=\"1060\" src=\"https:\/\/honorvilla.ro\/wp-content\/uploads\/2019\/10\/banner-4.jpg\" alt=\"\" class=\"wp-block-getwid-banner__image wp-block-getwid-banner__source wp-image-1118\" srcset=\"https:\/\/honorvilla.ro\/wp-content\/uploads\/2019\/10\/banner-4.jpg 892w, https:\/\/honorvilla.ro\/wp-content\/uploads\/2019\/10\/banner-4-252x300.jpg 252w, https:\/\/honorvilla.ro\/wp-content\/uploads\/2019\/10\/banner-4-862x1024.jpg 862w, https:\/\/honorvilla.ro\/wp-content\/uploads\/2019\/10\/banner-4-768x913.jpg 768w\" sizes=\"auto, (max-width: 892px) 100vw, 892px\" \/><div class=\"wp-block-getwid-banner__caption\" style=\"min-height:315px\"><div class=\"wp-block-getwid-banner__caption-wrapper\"><span class=\"wp-block-getwid-banner__title\">Fancy View <\/span><p class=\"wp-block-getwid-banner__text\">Minden ablakb\u00f3l<\/p><\/div><\/div><\/div><\/a><\/div>\r\n<\/div>\r\n<\/div>","protected":false},"excerpt":{"rendered":"<p>Minden \u00e1ltalunk javasolt villa egy-egy kir\u00e1lyi kialak\u00edt\u00e1s\u00fa, kiv\u00e9teles \u00e9s modern b\u00fatorokkal, hogy a pihen\u00e9s tele maradjon pihen\u00e9ssel \u00e9s kellemes, felejthetetlen \u00e9rzelmekkel. <\/p>","protected":false},"author":1,"featured_media":1111,"parent":0,"menu_order":0,"comment_status":"closed","ping_status":"closed","template":"template-wide-page.php","meta":{"inline_featured_image":false,"footnotes":""},"class_list":["post-554","page","type-page","status-publish","has-post-thumbnail","hentry"],"_links":{"self":[{"href":"https:\/\/honorvilla.ro\/hu\/wp-json\/wp\/v2\/pages\/554","targetHints":{"allow":["GET"]}}],"collection":[{"href":"https:\/\/honorvilla.ro\/hu\/wp-json\/wp\/v2\/pages"}],"about":[{"href":"https:\/\/honorvilla.ro\/hu\/wp-json\/wp\/v2\/types\/page"}],"author":[{"embeddable":true,"href":"https:\/\/honorvilla.ro\/hu\/wp-json\/wp\/v2\/users\/1"}],"replies":[{"embeddable":true,"href":"https:\/\/honorvilla.ro\/hu\/wp-json\/wp\/v2\/comments?post=554"}],"version-history":[{"count":1,"href":"https:\/\/honorvilla.ro\/hu\/wp-json\/wp\/v2\/pages\/554\/revisions"}],"predecessor-version":[{"id":1389,"href":"https:\/\/honorvilla.ro\/hu\/wp-json\/wp\/v2\/pages\/554\/revisions\/1389"}],"wp:featuredmedia":[{"embeddable":true,"href":"https:\/\/honorvilla.ro\/hu\/wp-json\/wp\/v2\/media\/1111"}],"wp:attachment":[{"href":"https:\/\/honorvilla.ro\/hu\/wp-json\/wp\/v2\/media?parent=554"}],"curies":[{"name":"wp","href":"https:\/\/api.w.org\/{rel}","templated":true}]}}