{"id":111330,"date":"2023-01-16T18:05:01","date_gmt":"2023-01-16T16:05:01","guid":{"rendered":"https:\/\/honorvilla.ro\/?page_id=111330"},"modified":"2026-01-22T10:37:12","modified_gmt":"2026-01-22T08:37:12","slug":"cookie-policy","status":"publish","type":"page","link":"https:\/\/honorvilla.ro\/ro\/politica-privind-cookie-urile\/","title":{"rendered":"Politica privind modulele cookie \u0219i tehnologiile similare"},"content":{"rendered":"<p>This policy refers to cookies and similar technologies used, as appropriate, in the websites and applications operated by SC BERKE INTEGRATOR DE PRELUCRARE A CARNII SRL  with registered office in Sat Izvoare, Comuna Zetea, Strada IRIGYVESSZEJE, Nr. 4, Harghita County.<\/p>\n\n\n\n<p>Cookie-urile sunt utilizate \u00een urm\u0103toarele scopuri:<\/p>\n\n\n\n<p>- func\u021bionarea site-ului,<\/p>\n\n\n\n<p>- pentru a analiza comportamentul vizitatorilor site-ului,<\/p>\n\n\n\n<p>- pentru publicitate.<\/p>\n\n\n\n<p>This policy is supplemented by the SC BERKE INTEGRATOR DE PRELUCRARE A CARNII SRL  policy on the protection of personal data in general and the Terms and Conditions of the site, which include additional useful information.<\/p>\n\n\n\n<p>Proper protection of personal data is an important objective for SC BERKE INTEGRATOR DE PRELUCRARE A CARNII SRL  Our desire is to be as clear and transparent as possible about our approach to this matter. If you have any questions, please contact us using the methods provided on our contact page.<\/p>\n\n\n\n<p><strong>Ce sunt cookie-urile?<\/strong><\/p>\n\n\n\n<p>A cookie is a small file of letters and numbers that will be stored on a user&#8217;s computer, mobile device or other equipment from which the internet is accessed. The cookie is installed by a request issued by the user&#8217;s terminal to a server of SC BERKE INTEGRATOR DE PRELUCRARE A CARNII SRL  or to a server of a third party.<\/p>\n\n\n\n<p>La ce sunt utilizate cookie-urile?<\/p>\n\n\n\n<p>Aceste fi\u0219iere permit, \u00een principal, recunoa\u0219terea terminalului utilizatorului \u0219i prezentarea con\u021binutului \u00eentr-un mod relevant, adaptat la preferin\u021bele acestuia.<\/p>\n\n\n\n<p>Cookies ensure users a pleasant browsing experience and support SC BERKE INTEGRATOR DE PRELUCRARE A CARNII SRL &#8216;s efforts to provide more tailored services to users, e.g. &#8211; online privacy preferences, shopping cart or relevant advertising. They are also used in the preparation of aggregated anonymous statistics that help us understand how a user benefits from our web pages, allowing us to improve their structure and content, without allowing personal identification of the user.<\/p>\n\n\n\n<p><strong>Ce cookie-uri folosim?<\/strong><\/p>\n\n\n\n<p>Utiliz\u0103m dou\u0103 tipuri de module cookie: per sesiune \u0219i fixe. Cookie-urile per sesiune sunt fi\u0219iere temporare care r\u0103m\u00e2n \u00een terminalul utilizatorului p\u00e2n\u0103 c\u00e2nd sesiunea se \u00eencheie sau p\u00e2n\u0103 c\u00e2nd aplica\u021bia este \u00eenchis\u0103. Cookie-urile fixe r\u0103m\u00e2n \u00een terminalul utilizatorului pentru o perioad\u0103 determinat\u0103 de set\u0103rile cookie-urilor sau p\u00e2n\u0103 c\u00e2nd sunt \u0219terse manual de c\u0103tre utilizator.<\/p>\n\n\n\n<p><strong>Cum sunt utilizate cookie-urile de c\u0103tre acest site?<\/strong><\/p>\n\n\n\n<p>O vizit\u0103 pe acest site poate plasa urm\u0103toarele tipuri de module cookie:<\/p>\n\n\n\n<p>- cookie-uri strict necesare pentru func\u021bionarea site-ului<\/p>\n\n\n\n<p>- cookie-uri de analiz\u0103<\/p>\n\n\n\n<p>- cookie-uri publicitare<\/p>\n\n\n\n<p>Cookie-urile strict necesare \u0219i\/sau tehnologiile similare sunt esen\u021biale pentru buna func\u021bionare a site-ului \u0219i sunt setate pe dispozitivul dumneavoastr\u0103 atunci c\u00e2nd accesa\u021bi site-ul sau ca urmare a ac\u021biunilor \u00eentreprinse pe site, dup\u0103 caz. V\u0103 pute\u021bi seta browserul pentru a bloca cookie-urile, dar \u00een acest caz anumite sec\u021biuni ale site-ului nu vor func\u021biona corect.<\/p>\n\n\n\n<p>Celelalte categorii de cookie-uri au rolul indicat \u00een sec\u021biunea 11.<\/p>\n\n\n\n<p><strong>Cookie-urile sau tehnologiile similare con\u021bin date cu caracter personal?<\/strong><\/p>\n\n\n\n<p>Cookie-urile sau tehnologiile similare nu necesit\u0103 informa\u021bii personale pentru a putea fi utilizate \u0219i, \u00een multe cazuri, nu identific\u0103 personal utilizatorii de internet. Cu toate acestea, exist\u0103 situa\u021bii \u00een care datele cu caracter personal pot fi colectate prin utilizarea cookie-urilor pentru a facilita anumite func\u021bii pentru utilizator sau pentru a oferi utilizatorului o experien\u021b\u0103 mai adaptat\u0103 la preferin\u021bele sale. Astfel de date sunt criptate \u00eentr-un mod care face imposibil\u0103 accesarea lor de c\u0103tre persoane neautorizate.<\/p>\n\n\n\n<p><strong>Care sunt tehnologiile similare?<\/strong><\/p>\n\n\n\n<p>Exist\u0103 \u0219i alte tehnologii care pot fi utilizate \u00een acelea\u0219i scopuri ca \u0219i cookie-urile.<\/p>\n\n\n\n<p>SC BERKE INTEGRATOR DE PRELUCRARE A CARNII SRL  uses Local Storage as a similar technology.<\/p>\n\n\n\n<p><strong>Blocarea cookie-urilor<\/strong><\/p>\n\n\n\n<p>Dac\u0103 dori\u021bi s\u0103 bloca\u021bi modulele cookie, unele func\u021bii ale site-ului vor fi dezactivate, ceea ce poate cauza anumite disfunc\u021bionalit\u0103\u021bi sau erori \u00een utilizarea site-ului nostru. De exemplu, blocarea cookie-urilor v\u0103 poate \u00eempiedica s\u0103:<\/p>\n\n\n\n<p>- cump\u0103r\u0103 online<\/p>\n\n\n\n<p>- conecta\u021bi-v\u0103 la contul dvs.<\/p>\n\n\n\n<p>dac\u0103 sunte\u021bi de acord cu aceste limit\u0103ri \u0219i dori\u021bi s\u0103 bloca\u021bi cookie-urile, urma\u021bi instruc\u021biunile de mai jos:<\/p>\n\n\n\n<p>Cele mai multe browsere sunt setate s\u0103 accepte cookie-urile \u00een mod implicit, dar v\u0103 pute\u021bi modifica set\u0103rile pentru a bloca unele sau toate cookie-urile.<\/p>\n\n\n\n<p><strong>Gestionarea preferin\u021belor dvs. privind plasarea modulelor cookie<\/strong><\/p>\n\n\n\n<p>\u00cen general, o aplica\u021bie utilizat\u0103 pentru a accesa paginile web permite \u00een mod implicit salvarea de cookie-uri \u0219i\/sau tehnologii similare pe terminal. Acestea sunt stocate pentru perioade definite de fiecare surs\u0103. Aceste set\u0103ri pot fi modificate \u00een a\u0219a fel \u00eenc\u00e2t gestionarea automat\u0103 a cookie-urilor s\u0103 fie blocat\u0103 de c\u0103tre browserul web sau utilizatorul s\u0103 fie informat de fiecare dat\u0103 c\u00e2nd cookie-urile sunt trimise pe terminalul s\u0103u.<\/p>\n\n\n\n<p>Informa\u021bii detaliate despre posibilit\u0103\u021bile \u0219i modalit\u0103\u021bile de gestionare a modulelor cookie pot fi g\u0103site \u00een zona de set\u0103ri a aplica\u021biei (browser web). Limitarea utiliz\u0103rii modulelor cookie poate afecta anumite func\u021bionalit\u0103\u021bi ale site-ului web.<\/p>\n\n\n\n<p><strong>De ce sunt cookie-urile \u0219i\/sau tehnologiile similare importante pentru Internet?<\/strong><\/p>\n\n\n\n<p>Cookie-urile \u0219i\/sau tehnologiile similare sunt esen\u021biale pentru func\u021bionarea eficient\u0103 a internetului, ajut\u00e2nd la generarea unei experien\u021be de navigare prietenoase \u0219i adaptate la preferin\u021bele \u0219i interesele fiec\u0103rui utilizator. Refuzarea sau dezactivarea cookie-urilor poate face ca unele site-uri sau p\u0103r\u021bi ale site-urilor s\u0103 devin\u0103 inutilizabile.<\/p>\n\n\n\n<p>Dezactivarea modulelor cookie nu \u00eenseamn\u0103 c\u0103 nu ve\u021bi mai primi publicitate online conform\u0103 din punct de vedere legal, ci doar c\u0103 aceasta nu va mai putea \u021bine cont de preferin\u021bele \u0219i interesele dumneavoastr\u0103, a\u0219a cum reiese din comportamentul dumneavoastr\u0103 de navigare.<\/p>\n\n\n\n<p>Exemple de utiliz\u0103ri importante ale modulelor cookie (care nu necesit\u0103 autentificarea utilizatorului prin intermediul unui cont):<\/p>\n\n\n\n<p>- con\u021binut \u0219i servicii adaptate la preferin\u021bele utilizatorilor - categorii de produse \u0219i servicii.<\/p>\n\n\n\n<p>- Oferte adaptate la interesele utilizatorilor<\/p>\n\n\n\n<p>- P\u0103strarea parolei<\/p>\n\n\n\n<p>- P\u0103strarea filtrelor de protec\u021bie a copiilor \u00een ceea ce prive\u0219te con\u021binutul internetului (op\u021biuni de mod familial, func\u021bii de c\u0103utare sigur\u0103).<\/p>\n\n\n\n<p>- Limitarea frecven\u021bei anun\u021burilor - limitarea num\u0103rului de afi\u0219\u0103ri ale unui anun\u021b pentru un anumit utilizator pe un site.<\/p>\n\n\n\n<p>- Furnizarea de publicitate relevant\u0103 pentru utilizator.<\/p>\n\n\n\n<p>- M\u0103surarea, optimizarea \u0219i adaptarea func\u021biilor analitice - cum ar fi confirmarea unui anumit nivel de trafic pe un site web, ce tip de con\u021binut este vizualizat \u0219i cum ajunge un utilizator pe un site web (de exemplu, prin intermediul motoarelor de c\u0103utare, direct, de pe alte site-uri web etc.). Site-urile web realizeaz\u0103 aceste analize privind utilizarea lor pentru a-\u0219i \u00eembun\u0103t\u0103\u021bi serviciile \u00een beneficiul utilizatorilor.<\/p>\n\n\n\n<p><strong>Probleme de securitate \u0219i confiden\u021bialitate<\/strong><\/p>\n\n\n\n<p>\u00cen general, browserele dispun de set\u0103ri de confiden\u021bialitate \u00eencorporate care ofer\u0103 diferite niveluri de acceptare a cookie-urilor, perioada de valabilitate \u0219i \u0219tergerea automat\u0103 dup\u0103 ce utilizatorul a vizitat un anumit site.<\/p>\n\n\n\n<p>Alte probleme de securitate legate de cookie-uri:<\/p>\n\n\n\n<p>- Personaliza\u021bi set\u0103rile browserului dvs. pentru a reflecta un nivel confortabil de securitate a modulelor cookie pentru dvs.<\/p>\n\n\n\n<p>- Dac\u0103 sunte\u021bi singura persoan\u0103 care v\u0103 folose\u0219te computerul, pute\u021bi seta, dac\u0103 dori\u021bi, perioade lungi de expirare pentru stocarea istoricului de navigare \u0219i a datelor de acces personale.<\/p>\n\n\n\n<p>- Dac\u0103 ave\u021bi acces comun la computerul dumneavoastr\u0103, pute\u021bi lua \u00een considerare posibilitatea de a v\u0103 seta browserul pentru a \u0219terge datele de navigare individuale de fiecare dat\u0103 c\u00e2nd \u00eenchide\u021bi browserul. Aceasta este o op\u021biune pentru a accesa site-urile care plaseaz\u0103 module cookie \u0219i care \u0219terg toate informa\u021biile de vizitare atunci c\u00e2nd \u00eenchide\u021bi sesiunea de navigare.<\/p>\n\n\n\n<p>SC BERKE INTEGRATOR DE PRELUCRARE A CARNII SRL  uses services provided by third parties for the purpose of providing functionality, for analysis and for advertising. These third parties may set and use cookies and\/or similar technologies on websites and applications operated by the Company, as well as on websites and applications other than those operated by the Company.<\/p>","protected":false},"excerpt":{"rendered":"<p>This policy refers to cookies and similar technologies used, as appropriate, in the websites and applications operated by SC BERKE INTEGRATOR DE PRELUCRARE A CARNII SRL with registered office in Sat Izvoare, Comuna Zetea, Strada IRIGYVESSZEJE, Nr. 4, Harghita County. Cookies are used for the following purposes: &#8211; site operation, &#8211; to analyze the behavior [&hellip;]<\/p>","protected":false},"author":1,"featured_media":0,"parent":0,"menu_order":0,"comment_status":"closed","ping_status":"closed","template":"","meta":{"inline_featured_image":false,"footnotes":""},"class_list":["post-111330","page","type-page","status-publish","hentry"],"_links":{"self":[{"href":"https:\/\/honorvilla.ro\/ro\/wp-json\/wp\/v2\/pages\/111330","targetHints":{"allow":["GET"]}}],"collection":[{"href":"https:\/\/honorvilla.ro\/ro\/wp-json\/wp\/v2\/pages"}],"about":[{"href":"https:\/\/honorvilla.ro\/ro\/wp-json\/wp\/v2\/types\/page"}],"author":[{"embeddable":true,"href":"https:\/\/honorvilla.ro\/ro\/wp-json\/wp\/v2\/users\/1"}],"replies":[{"embeddable":true,"href":"https:\/\/honorvilla.ro\/ro\/wp-json\/wp\/v2\/comments?post=111330"}],"version-history":[{"count":2,"href":"https:\/\/honorvilla.ro\/ro\/wp-json\/wp\/v2\/pages\/111330\/revisions"}],"predecessor-version":[{"id":3344134,"href":"https:\/\/honorvilla.ro\/ro\/wp-json\/wp\/v2\/pages\/111330\/revisions\/3344134"}],"wp:attachment":[{"href":"https:\/\/honorvilla.ro\/ro\/wp-json\/wp\/v2\/media?parent=111330"}],"curies":[{"name":"wp","href":"https:\/\/api.w.org\/{rel}","templated":true}]}}