{"id":111833,"date":"2023-01-16T18:43:05","date_gmt":"2023-01-16T16:43:05","guid":{"rendered":"https:\/\/honorvilla.ro\/?page_id=111833"},"modified":"2023-01-16T18:43:05","modified_gmt":"2023-01-16T16:43:05","slug":"delivery-and-return-policy","status":"publish","type":"page","link":"https:\/\/honorvilla.ro\/ro\/politica-de-livrare-si-returnare\/","title":{"rendered":"Politica de livrare \u0219i returnare"},"content":{"rendered":"<p>HONOR VILLA \u00ce\u0218I REZERV\u0102 DREPTUL DE A MODIFICA TARIFELE (pentru cei care au f\u0103cut o rezervare cu un tarif, aceast\u0103 regul\u0103 nu se aplic\u0103).<\/p>\n\n\n\n<p>Tarifele includ toate taxele.<\/p>\n\n\n\n<p>Primirea \u00een camer\u0103 (Check-In): \u00eencep\u00e2nd cu ora 15.00.<\/p>\n\n\n\n<p>Eliberarea camerei (Check-Out): p\u00e2n\u0103 la ora 11:00.<\/p>\n\n\n\n<p>Rezerv\u0103rile pentru care nu a fost pl\u0103tit un avans \u0219i\/sau pentru care nu a fost depus un avans de 30% din valoarea total\u0103 a sejurului sunt considerate de HONOR VILLA ca fiind rezerv\u0103ri negarantate.<\/p>\n\n\n\n<p>Pentru rezerv\u0103ri garantate sau prepl\u0103tite:<\/p>\n\n\n\n<p>\u00cen cazul \u00een care nu sunt specificate alte condi\u021bii \u00een confirmarea scris\u0103 primit\u0103 de la HONOR VILLA, atunci:<\/p>\n\n\n\n<p>Termenul limit\u0103 pentru anularea unei rezerv\u0103ri, f\u0103r\u0103 perceperea unei penalit\u0103\u021bi, este de p\u00e2n\u0103 la 15 (cincisprezece) zile \u00eenainte de sosire. Avansul pl\u0103tit se returneaz\u0103 \u00een termen de 30 de zile de la solicitarea de anulare. \u00een cazul anul\u0103rii \u0219i ramburs\u0103rii avansului, vom percepe comisioane bancare.<br>\u00cen cazul anul\u0103rilor efectuate cu mai pu\u021bin de 15 (cincisprezece) zile, dar p\u00e2n\u0103 la 72 de ore \u00eenainte de sosire, se percepe contravaloarea primei nop\u021bi de cazare, suma fiind dedus\u0103 din avansul pl\u0103tit.<br>Pentru anul\u0103ri efectuate cu mai pu\u021bin de 72 de ore \u00eenainte de sosire sau \u00een caz de neprezentare, se va percepe \u00eentreaga valoare a rezerv\u0103rii, suma fiind re\u021binut\u0103 din avansul pl\u0103tit.<br>\u00een caz de neprezentare, HONOR VILLA \u00ee\u0219i rezerv\u0103 dreptul de a elibera camera\/camerile pentru restul sejurului.<br>Rezerv\u0103rile efectuate cu cel pu\u021bin 3 zile \u00eenainte de data sosirii sunt acceptate numai pe baza locurilor disponibile.<\/p>\n\n\n\n<p>Clien\u021bii primesc confirmarea rezerv\u0103rii prin e-mail, max. 3 ore dup\u0103 efectuarea pl\u0103\u021bii.<\/p>\n\n\n\n<p>Rezerv\u0103rile pl\u0103tite cu cardul de vacan\u021b\u0103 la POS-ul din agen\u021bie sau prin intermediul link-ului de plat\u0103 Netopia, odat\u0103 confirmate \u0219i emis voucherul de cazare, nu pot fi anulate \u0219i banii \u00eencasa\u021bi returna\u021bi, sanc\u021biunea fiind de 100% conform legii.<br>Ce vouchere de vacan\u021b\u0103 accept\u0103m?<\/p>\n\n\n\n<p>Accept\u0103m urm\u0103toarele tipuri de bilete de vacan\u021b\u0103:<\/p>\n\n\n\n<ul class=\"wp-block-list\">\n<li>Edenred (Bilet de vacan\u021b\u0103)<\/li>\n\n\n\n<li>Cheque Dejeuner Rom\u00e2nia (Cheque Vacances\/UP Rom\u00e2nia)<\/li>\n\n\n\n<li>Sodexo (Sodexo Tourist Pass) Metoda de plat\u0103 cu bilete sau card de vacan\u021b\u0103:<\/li>\n\n\n\n<li>tranzac\u021bia online prin intermediul cardului de vacan\u021b\u0103 se realizeaz\u0103 prin MobilPay (NETOPYA SISTEMS), tranzac\u021bii garantate de Visa \u0219i Mastercard.<\/li>\n\n\n\n<li>rezerv\u0103rile online sau offline prin intermediul cardului de vacan\u021b\u0103 NU sunt rambursabile, nu pot fi schimbate \u00een bani conform legisla\u021biei \u00een vigoare<\/li>\n<\/ul>\n\n\n\n<p>Modific\u0103rile la orice rezervare trebuie f\u0103cute \u00een scris la adresa de e-mail: contact@honorvilla.ro. Nicio modificare nu va fi garantat\u0103 p\u00e2n\u0103 c\u00e2nd nu este primit\u0103 \u00een scris de HONOR VILLA. Tarifele rezultate \u00een urma modific\u0103rilor pot varia, \u00een func\u021bie de natura modific\u0103rii, precum \u0219i de disponibilitatea la momentul modific\u0103rii rezerv\u0103rilor efectuate.<\/p>\n\n\n\n<p>Orice anulare a rezerv\u0103rii camerei va fi trimis\u0103 \u00een scris la adresa de e-mail: contact@honorvilla.ro, \u00een conformitate cu condi\u021biile de mai sus. Nicio anulare nu va fi garantat\u0103 p\u00e2n\u0103 la primirea \u00een scris de c\u0103tre HONOR VILLA.<\/p>","protected":false},"excerpt":{"rendered":"<p>HONOR VILLA \u00ce\u0218I REZERV\u0102 DREPTUL DE A MODIFICA TARIFELE (pentru cei care au f\u0103cut o rezervare cu un tarif, aceast\u0103 regul\u0103 nu se aplic\u0103). Tarifele includ toate taxele. Primirea camerei (Check-In): \u00eencep\u00e2nd cu ora 15. Eliberarea camerei (Check-Out): p\u00e2n\u0103 la ora 11. Rezerv\u0103rile pentru care nu a fost pl\u0103tit un avans \u0219i\/sau pentru care nu a fost pl\u0103tit un depozit [...]<\/p>","protected":false},"author":1,"featured_media":0,"parent":0,"menu_order":0,"comment_status":"closed","ping_status":"closed","template":"","meta":{"inline_featured_image":false,"footnotes":""},"class_list":["post-111833","page","type-page","status-publish","hentry"],"_links":{"self":[{"href":"https:\/\/honorvilla.ro\/ro\/wp-json\/wp\/v2\/pages\/111833","targetHints":{"allow":["GET"]}}],"collection":[{"href":"https:\/\/honorvilla.ro\/ro\/wp-json\/wp\/v2\/pages"}],"about":[{"href":"https:\/\/honorvilla.ro\/ro\/wp-json\/wp\/v2\/types\/page"}],"author":[{"embeddable":true,"href":"https:\/\/honorvilla.ro\/ro\/wp-json\/wp\/v2\/users\/1"}],"replies":[{"embeddable":true,"href":"https:\/\/honorvilla.ro\/ro\/wp-json\/wp\/v2\/comments?post=111833"}],"version-history":[{"count":1,"href":"https:\/\/honorvilla.ro\/ro\/wp-json\/wp\/v2\/pages\/111833\/revisions"}],"predecessor-version":[{"id":111834,"href":"https:\/\/honorvilla.ro\/ro\/wp-json\/wp\/v2\/pages\/111833\/revisions\/111834"}],"wp:attachment":[{"href":"https:\/\/honorvilla.ro\/ro\/wp-json\/wp\/v2\/media?parent=111833"}],"curies":[{"name":"wp","href":"https:\/\/api.w.org\/{rel}","templated":true}]}}