{"id":689,"date":"2019-09-18T12:05:01","date_gmt":"2019-09-18T12:05:01","guid":{"rendered":"https:\/\/themes.getmotopress.com\/booklium-default\/?page_id=689"},"modified":"2023-01-11T18:48:38","modified_gmt":"2023-01-11T18:48:38","slug":"activities","status":"publish","type":"page","link":"https:\/\/honorvilla.ro\/ro\/activitati\/","title":{"rendered":"Activit\u0103\u021bi"},"content":{"rendered":"<div class=\"wp-block-getwid-section\" style=\"margin-bottom:50px\"><div class=\"wp-block-getwid-section__wrapper getwid-padding-top-none getwid-padding-bottom-none getwid-padding-left-none getwid-padding-right-none\"><div class=\"wp-block-getwid-section__inner-wrapper\"><div class=\"wp-block-getwid-section__background-holder\"><div class=\"wp-block-getwid-section__background\"><\/div><div class=\"wp-block-getwid-section__foreground\"><\/div><\/div><div class=\"wp-block-getwid-section__content\"><div class=\"wp-block-getwid-section__inner-content\">\r\n<div class=\"wp-block-getwid-video-popup is-style-rounded has-image has-animation-zoom-out has-foreground-20\"><a class=\"wp-block-getwid-video-popup__link\" href=\"https:\/\/www.youtube.com\/watch?v=yD-eB405CYQ\"><div class=\"wp-block-getwid-video-popup__wrapper\" style=\"min-height:400px\"><img loading=\"lazy\" decoding=\"async\" width=\"1350\" height=\"591\" src=\"https:\/\/honorvilla.ro\/wp-content\/uploads\/2019\/10\/Activities-video.jpg\" alt=\"\" class=\"wp-block-getwid-video-popup__image wp-block-getwid-video-popup__source wp-image-1102\" srcset=\"https:\/\/honorvilla.ro\/wp-content\/uploads\/2019\/10\/Activities-video.jpg 1350w, https:\/\/honorvilla.ro\/wp-content\/uploads\/2019\/10\/Activities-video-300x131.jpg 300w, https:\/\/honorvilla.ro\/wp-content\/uploads\/2019\/10\/Activities-video-1024x448.jpg 1024w, https:\/\/honorvilla.ro\/wp-content\/uploads\/2019\/10\/Activities-video-768x336.jpg 768w, https:\/\/honorvilla.ro\/wp-content\/uploads\/2019\/10\/Activities-video-892x390.jpg 892w\" sizes=\"auto, (max-width: 1350px) 100vw, 1350px\" \/><div class=\"wp-block-getwid-video-popup__button is-style-outline is-size-small\" style=\"border-color:#ffffff\"><div class=\"wp-block-getwid-video-popup__icon has-text-color has-white-color has-background has-white-background-color\" style=\"border-color:#ffffff\"><i class=\"fas fa-play\"><\/i><\/div><\/div><\/div><\/a><div class=\"wp-block-getwid-video-popup__caption\"><\/div><\/div>\r\n<\/div><\/div><\/div><\/div><\/div>\r\n\r\n\r\n\r\n<div class=\"wp-block-columns has-2-columns is-layout-flex wp-container-core-columns-is-layout-9d6595d7 wp-block-columns-is-layout-flex\">\r\n<div class=\"wp-block-column is-layout-flow wp-block-column-is-layout-flow\">\r\n<div class=\"wp-block-getwid-advanced-heading\" style=\"margin-bottom:40px\"><h2 class=\"wp-block-getwid-advanced-heading__content\">\u00cenconjurarea pl\u0103cut\u0103 a naturii v\u0103 va impresiona<\/h2><\/div>\r\n\r\n\r\n\r\n<div class=\"wp-block-button\"><a class=\"wp-block-button__link\" href=\"#\">Explora\u021bi mai mult<\/a><\/div>\r\n\r\n\r\n\r\n<div class=\"wp-block-getwid-advanced-spacer getwid-hide-desktop getwid-hide-tablet\" style=\"height:10px\" aria-hidden=\"true\"><\/div>\r\n<\/div>\r\n\r\n\r\n\r\n<div class=\"wp-block-column is-layout-flow wp-block-column-is-layout-flow\">\r\n<p>Face\u021bi parte dintr-o natur\u0103 frumoas\u0103, lu\u00e2nd parte la oricare dintre activit\u0103\u021bile pe care vi le propunem. Toate vilele sunt situate \u00een locuri pitore\u0219ti, astfel \u00eenc\u00e2t natura din fiecare loc este uimitoare.<\/p>\r\n\r\n\r\n\r\n<p>Oferim o gam\u0103 larg\u0103 de activit\u0103\u021bi, astfel \u00eenc\u00e2t fiecare vizitator al nostru s\u0103 poat\u0103 g\u0103si ceva ce a dorit s\u0103 \u00eencerce de at\u00e2ta timp. Exist\u0103 tururi pentru cei care \u00ee\u0219i asum\u0103 riscuri \u0219i pentru cei care nu.  <\/p>\r\n<\/div>\r\n<\/div>\r\n\r\n\r\n\r\n<div style=\"height:47px\" aria-hidden=\"true\" class=\"wp-block-spacer\"><\/div>\r\n\r\n\r\n\r\n<hr class=\"wp-block-separator is-style-wide\"\/>\r\n\r\n\r\n\r\n<div class=\"wp-block-getwid-advanced-heading\" style=\"margin-bottom:5px;margin-top:81px\"><h2 class=\"wp-block-getwid-advanced-heading__content\" style=\"text-align:center\">Activit\u0103\u021bi de top<\/h2><\/div>\r\n\r\n\r\n\r\n<div class=\"wp-block-getwid-advanced-heading\" style=\"margin-bottom:40px\"><span class=\"wp-block-getwid-advanced-heading__content\" style=\"text-align:center\">Arunca\u021bi o privire mai atent\u0103 la activit\u0103\u021bile noastre \u0219i decide\u021bi care dintre ele dori\u021bi s\u0103 le experimenta\u021bi \u00een continuare.<\/span><\/div>\r\n\r\n\r\n\r\n<div class=\"wp-block-columns has-4-columns is-layout-flex wp-container-core-columns-is-layout-9d6595d7 wp-block-columns-is-layout-flex\">\r\n<div class=\"wp-block-column is-layout-flow wp-block-column-is-layout-flow\">\r\n<div class=\"wp-block-getwid-banner is-style-shadow-bottom has-animation-style4 has-foreground-undefined has-vertical-alignment-bottom\"><a href=\"#\" class=\"wp-block-getwid-banner__link\"><div class=\"wp-block-getwid-banner__wrapper\"><img loading=\"lazy\" decoding=\"async\" width=\"892\" height=\"1060\" src=\"https:\/\/honorvilla.ro\/wp-content\/uploads\/2019\/10\/Running.jpg\" alt=\"\" class=\"wp-block-getwid-banner__image wp-block-getwid-banner__source wp-image-1101\" srcset=\"https:\/\/honorvilla.ro\/wp-content\/uploads\/2019\/10\/Running.jpg 892w, https:\/\/honorvilla.ro\/wp-content\/uploads\/2019\/10\/Running-252x300.jpg 252w, https:\/\/honorvilla.ro\/wp-content\/uploads\/2019\/10\/Running-862x1024.jpg 862w, https:\/\/honorvilla.ro\/wp-content\/uploads\/2019\/10\/Running-768x913.jpg 768w\" sizes=\"auto, (max-width: 892px) 100vw, 892px\" \/><div class=\"wp-block-getwid-banner__caption\" style=\"min-height:315px\"><div class=\"wp-block-getwid-banner__caption-wrapper\"><span class=\"wp-block-getwid-banner__title\">Alergare<\/span><p class=\"wp-block-getwid-banner__text\">$68 pe persoan\u0103<\/p><\/div><\/div><\/div><\/a><\/div>\r\n\r\n\r\n\r\n<div class=\"wp-block-getwid-banner is-style-shadow-bottom has-animation-style4 has-foreground-undefined has-vertical-alignment-bottom\"><a href=\"#\" class=\"wp-block-getwid-banner__link\"><div class=\"wp-block-getwid-banner__wrapper\"><img loading=\"lazy\" decoding=\"async\" width=\"892\" height=\"1060\" src=\"https:\/\/honorvilla.ro\/wp-content\/uploads\/2019\/10\/Festivals-Fairs.jpg\" alt=\"\" class=\"wp-block-getwid-banner__image wp-block-getwid-banner__source wp-image-1105\" srcset=\"https:\/\/honorvilla.ro\/wp-content\/uploads\/2019\/10\/Festivals-Fairs.jpg 892w, https:\/\/honorvilla.ro\/wp-content\/uploads\/2019\/10\/Festivals-Fairs-252x300.jpg 252w, https:\/\/honorvilla.ro\/wp-content\/uploads\/2019\/10\/Festivals-Fairs-862x1024.jpg 862w, https:\/\/honorvilla.ro\/wp-content\/uploads\/2019\/10\/Festivals-Fairs-768x913.jpg 768w\" sizes=\"auto, (max-width: 892px) 100vw, 892px\" \/><div class=\"wp-block-getwid-banner__caption\" style=\"min-height:315px\"><div class=\"wp-block-getwid-banner__caption-wrapper\"><span class=\"wp-block-getwid-banner__title\">Festivaluri \u0219i t\u00e2rguri<\/span><p class=\"wp-block-getwid-banner__text\">de la $65<\/p><\/div><\/div><\/div><\/a><\/div>\r\n<\/div>\r\n\r\n\r\n\r\n<div class=\"wp-block-column is-layout-flow wp-block-column-is-layout-flow\">\r\n<div class=\"wp-block-getwid-banner is-style-shadow-bottom has-animation-style4 has-foreground-undefined has-vertical-alignment-bottom\"><a href=\"#\" class=\"wp-block-getwid-banner__link\"><div class=\"wp-block-getwid-banner__wrapper\"><img loading=\"lazy\" decoding=\"async\" width=\"892\" height=\"892\" src=\"https:\/\/honorvilla.ro\/wp-content\/uploads\/2019\/10\/Guide-services.jpg\" alt=\"\" class=\"wp-block-getwid-banner__image wp-block-getwid-banner__source wp-image-1152\" srcset=\"https:\/\/honorvilla.ro\/wp-content\/uploads\/2019\/10\/Guide-services.jpg 892w, https:\/\/honorvilla.ro\/wp-content\/uploads\/2019\/10\/Guide-services-300x300.jpg 300w, https:\/\/honorvilla.ro\/wp-content\/uploads\/2019\/10\/Guide-services-150x150.jpg 150w, https:\/\/honorvilla.ro\/wp-content\/uploads\/2019\/10\/Guide-services-768x768.jpg 768w\" sizes=\"auto, (max-width: 892px) 100vw, 892px\" \/><div class=\"wp-block-getwid-banner__caption\" style=\"min-height:315px\"><div class=\"wp-block-getwid-banner__caption-wrapper\"><span class=\"wp-block-getwid-banner__title\"> Tur personal<\/span><p class=\"wp-block-getwid-banner__text\">de la $75<\/p><\/div><\/div><\/div><\/a><\/div>\r\n\r\n\r\n\r\n<div class=\"wp-block-getwid-banner is-style-shadow-bottom has-animation-style4 has-foreground-undefined has-vertical-alignment-bottom\"><a href=\"#\" class=\"wp-block-getwid-banner__link\"><div class=\"wp-block-getwid-banner__wrapper\"><img loading=\"lazy\" decoding=\"async\" width=\"892\" height=\"1061\" src=\"https:\/\/honorvilla.ro\/wp-content\/uploads\/2019\/09\/Adventure.jpg\" alt=\"\" class=\"wp-block-getwid-banner__image wp-block-getwid-banner__source wp-image-90\" srcset=\"https:\/\/honorvilla.ro\/wp-content\/uploads\/2019\/09\/Adventure.jpg 892w, https:\/\/honorvilla.ro\/wp-content\/uploads\/2019\/09\/Adventure-252x300.jpg 252w, https:\/\/honorvilla.ro\/wp-content\/uploads\/2019\/09\/Adventure-861x1024.jpg 861w, https:\/\/honorvilla.ro\/wp-content\/uploads\/2019\/09\/Adventure-768x914.jpg 768w\" sizes=\"auto, (max-width: 892px) 100vw, 892px\" \/><div class=\"wp-block-getwid-banner__caption\" style=\"min-height:315px\"><div class=\"wp-block-getwid-banner__caption-wrapper\"><span class=\"wp-block-getwid-banner__title\">Aventur\u0103<\/span><p class=\"wp-block-getwid-banner__text\">de la $35 pe persoan\u0103<\/p><\/div><\/div><\/div><\/a><\/div>\r\n<\/div>\r\n\r\n\r\n\r\n<div class=\"wp-block-column is-layout-flow wp-block-column-is-layout-flow\">\r\n<div class=\"wp-block-getwid-banner is-style-shadow-bottom has-animation-style4 has-foreground-undefined has-vertical-alignment-bottom\"><a href=\"#\" class=\"wp-block-getwid-banner__link\"><div class=\"wp-block-getwid-banner__wrapper\"><img loading=\"lazy\" decoding=\"async\" width=\"892\" height=\"1061\" src=\"https:\/\/honorvilla.ro\/wp-content\/uploads\/2019\/09\/Fishing.jpg\" alt=\"\" class=\"wp-block-getwid-banner__image wp-block-getwid-banner__source wp-image-92\" srcset=\"https:\/\/honorvilla.ro\/wp-content\/uploads\/2019\/09\/Fishing.jpg 892w, https:\/\/honorvilla.ro\/wp-content\/uploads\/2019\/09\/Fishing-252x300.jpg 252w, https:\/\/honorvilla.ro\/wp-content\/uploads\/2019\/09\/Fishing-861x1024.jpg 861w, https:\/\/honorvilla.ro\/wp-content\/uploads\/2019\/09\/Fishing-768x914.jpg 768w\" sizes=\"auto, (max-width: 892px) 100vw, 892px\" \/><div class=\"wp-block-getwid-banner__caption\" style=\"min-height:315px\"><div class=\"wp-block-getwid-banner__caption-wrapper\"><span class=\"wp-block-getwid-banner__title\">Pescuit<\/span><p class=\"wp-block-getwid-banner__text\"> $25 pe persoan\u0103 <\/p><\/div><\/div><\/div><\/a><\/div>\r\n\r\n\r\n\r\n<div class=\"wp-block-getwid-banner is-style-shadow-bottom has-animation-style4 has-foreground-undefined has-vertical-alignment-bottom\"><a href=\"#\" class=\"wp-block-getwid-banner__link\"><div class=\"wp-block-getwid-banner__wrapper\"><img loading=\"lazy\" decoding=\"async\" width=\"892\" height=\"1061\" src=\"https:\/\/honorvilla.ro\/wp-content\/uploads\/2019\/09\/Hiking.jpg\" alt=\"\" class=\"wp-block-getwid-banner__image wp-block-getwid-banner__source wp-image-89\" srcset=\"https:\/\/honorvilla.ro\/wp-content\/uploads\/2019\/09\/Hiking.jpg 892w, https:\/\/honorvilla.ro\/wp-content\/uploads\/2019\/09\/Hiking-252x300.jpg 252w, https:\/\/honorvilla.ro\/wp-content\/uploads\/2019\/09\/Hiking-861x1024.jpg 861w, https:\/\/honorvilla.ro\/wp-content\/uploads\/2019\/09\/Hiking-768x914.jpg 768w\" sizes=\"auto, (max-width: 892px) 100vw, 892px\" \/><div class=\"wp-block-getwid-banner__caption\" style=\"min-height:315px\"><div class=\"wp-block-getwid-banner__caption-wrapper\"><span class=\"wp-block-getwid-banner__title\">Drume\u021bie<\/span><p class=\"wp-block-getwid-banner__text\">de la $45<\/p><\/div><\/div><\/div><\/a><\/div>\r\n<\/div>\r\n\r\n\r\n\r\n<div class=\"wp-block-column is-layout-flow wp-block-column-is-layout-flow\">\r\n<div class=\"wp-block-getwid-banner is-style-shadow-bottom has-animation-style4 has-foreground-undefined has-vertical-alignment-bottom\"><a href=\"#\" class=\"wp-block-getwid-banner__link\"><div class=\"wp-block-getwid-banner__wrapper\"><img loading=\"lazy\" decoding=\"async\" width=\"892\" height=\"1060\" src=\"https:\/\/honorvilla.ro\/wp-content\/uploads\/2019\/10\/Swim.jpg\" alt=\"\" class=\"wp-block-getwid-banner__image wp-block-getwid-banner__source wp-image-1103\" srcset=\"https:\/\/honorvilla.ro\/wp-content\/uploads\/2019\/10\/Swim.jpg 892w, https:\/\/honorvilla.ro\/wp-content\/uploads\/2019\/10\/Swim-252x300.jpg 252w, https:\/\/honorvilla.ro\/wp-content\/uploads\/2019\/10\/Swim-862x1024.jpg 862w, https:\/\/honorvilla.ro\/wp-content\/uploads\/2019\/10\/Swim-768x913.jpg 768w\" sizes=\"auto, (max-width: 892px) 100vw, 892px\" \/><div class=\"wp-block-getwid-banner__caption\" style=\"min-height:315px\"><div class=\"wp-block-getwid-banner__caption-wrapper\"><span class=\"wp-block-getwid-banner__title\">\u00cenot<\/span><p class=\"wp-block-getwid-banner__text\"> $50 pe persoan\u0103 <\/p><\/div><\/div><\/div><\/a><\/div>\r\n\r\n\r\n\r\n<div class=\"wp-block-getwid-banner is-style-shadow-bottom has-animation-style4 has-foreground-undefined has-vertical-alignment-bottom\"><a href=\"#\" class=\"wp-block-getwid-banner__link\"><div class=\"wp-block-getwid-banner__wrapper\"><img loading=\"lazy\" decoding=\"async\" width=\"892\" height=\"1061\" src=\"https:\/\/honorvilla.ro\/wp-content\/uploads\/2019\/09\/Bicycles.jpg\" alt=\"\" class=\"wp-block-getwid-banner__image wp-block-getwid-banner__source wp-image-91\" srcset=\"https:\/\/honorvilla.ro\/wp-content\/uploads\/2019\/09\/Bicycles.jpg 892w, https:\/\/honorvilla.ro\/wp-content\/uploads\/2019\/09\/Bicycles-252x300.jpg 252w, https:\/\/honorvilla.ro\/wp-content\/uploads\/2019\/09\/Bicycles-861x1024.jpg 861w, https:\/\/honorvilla.ro\/wp-content\/uploads\/2019\/09\/Bicycles-768x914.jpg 768w\" sizes=\"auto, (max-width: 892px) 100vw, 892px\" \/><div class=\"wp-block-getwid-banner__caption\" style=\"min-height:315px\"><div class=\"wp-block-getwid-banner__caption-wrapper\"><span class=\"wp-block-getwid-banner__title\">Plimbare cu bicicleta<\/span><p class=\"wp-block-getwid-banner__text\"> $20 pe persoan\u0103 <\/p><\/div><\/div><\/div><\/a><\/div>\r\n<\/div>\r\n<\/div>\r\n\r\n\r\n\r\n<div style=\"height:50px\" aria-hidden=\"true\" class=\"wp-block-spacer\"><\/div>\r\n\r\n\r\n\r\n<div class=\"wp-block-columns has-2-columns is-layout-flex wp-container-core-columns-is-layout-9d6595d7 wp-block-columns-is-layout-flex\">\r\n<div class=\"wp-block-column is-layout-flow wp-block-column-is-layout-flow\">\r\n<div class=\"wp-block-getwid-section is-style-with-shadow\"><div class=\"wp-block-getwid-section__wrapper getwid-padding-top-medium getwid-padding-bottom-medium getwid-padding-left-medium getwid-padding-right-medium\"><div class=\"wp-block-getwid-section__inner-wrapper\"><div class=\"wp-block-getwid-section__background-holder\"><div class=\"wp-block-getwid-section__background has-background has-white-background-color\"><\/div><div class=\"wp-block-getwid-section__foreground\"><\/div><\/div><div class=\"wp-block-getwid-section__content\"><div class=\"wp-block-getwid-section__inner-content\">\r\n<div class=\"wp-block-getwid-image-box has-image-left has-text-left has-mobile-layout-default has-mobile-alignment-default\"><div class=\"wp-block-getwid-image-box__image-container is-position-middle\"><div class=\"wp-block-getwid-image-box__image-wrapper\"><img loading=\"lazy\" decoding=\"async\" width=\"66\" height=\"64\" src=\"https:\/\/honorvilla.ro\/wp-content\/uploads\/2019\/10\/trustsafety1.png\" alt=\"\" class=\"wp-block-getwid-image-box__image wp-image-1088\"\/><\/div><\/div><div class=\"wp-block-getwid-image-box__content\">\r\n<h4 class=\"wp-block-heading\">Garan\u021bia de returnare a banilor<\/h4>\r\n\r\n\r\n\r\n<p class=\"has-small-font-size\">\u00cen cazul \u00een care refuza\u021bi s\u0103 face\u021bi un tur rezervat, lua\u021bi banii \u00eenapoi. <\/p>\r\n<\/div><\/div>\r\n<\/div><\/div><\/div><\/div><\/div>\r\n<\/div>\r\n\r\n\r\n\r\n<div class=\"wp-block-column is-layout-flow wp-block-column-is-layout-flow\">\r\n<div class=\"wp-block-getwid-section is-style-with-shadow\"><div class=\"wp-block-getwid-section__wrapper getwid-padding-top-medium getwid-padding-bottom-medium getwid-padding-left-medium getwid-padding-right-medium\"><div class=\"wp-block-getwid-section__inner-wrapper\"><div class=\"wp-block-getwid-section__background-holder\"><div class=\"wp-block-getwid-section__background has-background has-white-background-color\"><\/div><div class=\"wp-block-getwid-section__foreground\"><\/div><\/div><div class=\"wp-block-getwid-section__content\"><div class=\"wp-block-getwid-section__inner-content\">\r\n<div class=\"wp-block-getwid-image-box has-image-left has-text-left has-mobile-layout-default has-mobile-alignment-default\"><div class=\"wp-block-getwid-image-box__image-container is-position-middle\"><div class=\"wp-block-getwid-image-box__image-wrapper\"><img loading=\"lazy\" decoding=\"async\" width=\"64\" height=\"64\" src=\"https:\/\/honorvilla.ro\/wp-content\/uploads\/2019\/10\/warranty-and-return1.png\" alt=\"\" class=\"wp-block-getwid-image-box__image wp-image-1095\"\/><\/div><\/div><div class=\"wp-block-getwid-image-box__content\">\r\n<h4 class=\"wp-block-heading\">Garan\u021bie \u0219i returnare<\/h4>\r\n\r\n\r\n\r\n<p class=\"has-small-font-size\">Bagajele dvs. vor fi depozitate \u00een siguran\u021b\u0103 de c\u0103tre noi, sub cel mai strict control.<\/p>\r\n<\/div><\/div>\r\n<\/div><\/div><\/div><\/div><\/div>\r\n<\/div>\r\n<\/div>","protected":false},"excerpt":{"rendered":"<p>De la baruri clandestine izolate la drumuri prin de\u0219ert, \u00eenv\u0103\u021ba\u021bi noi abilit\u0103\u021bi \u0219i p\u0103trunde\u021bi \u00een cultura local\u0103. Fiecare experien\u021b\u0103 este verificat\u0103 din punct de vedere calitativ \u0219i nu este nevoie s\u0103 rezerva\u021bi o cas\u0103 pentru a participa la una.<\/p>","protected":false},"author":1,"featured_media":0,"parent":0,"menu_order":0,"comment_status":"closed","ping_status":"closed","template":"template-wide-page.php","meta":{"inline_featured_image":false,"footnotes":""},"class_list":["post-689","page","type-page","status-publish","hentry"],"_links":{"self":[{"href":"https:\/\/honorvilla.ro\/ro\/wp-json\/wp\/v2\/pages\/689","targetHints":{"allow":["GET"]}}],"collection":[{"href":"https:\/\/honorvilla.ro\/ro\/wp-json\/wp\/v2\/pages"}],"about":[{"href":"https:\/\/honorvilla.ro\/ro\/wp-json\/wp\/v2\/types\/page"}],"author":[{"embeddable":true,"href":"https:\/\/honorvilla.ro\/ro\/wp-json\/wp\/v2\/users\/1"}],"replies":[{"embeddable":true,"href":"https:\/\/honorvilla.ro\/ro\/wp-json\/wp\/v2\/comments?post=689"}],"version-history":[{"count":1,"href":"https:\/\/honorvilla.ro\/ro\/wp-json\/wp\/v2\/pages\/689\/revisions"}],"predecessor-version":[{"id":1392,"href":"https:\/\/honorvilla.ro\/ro\/wp-json\/wp\/v2\/pages\/689\/revisions\/1392"}],"wp:attachment":[{"href":"https:\/\/honorvilla.ro\/ro\/wp-json\/wp\/v2\/media?parent=689"}],"curies":[{"name":"wp","href":"https:\/\/api.w.org\/{rel}","templated":true}]}}